{"id":119,"date":"2020-01-04T13:23:36","date_gmt":"2020-01-04T12:23:36","guid":{"rendered":"http:\/\/sdamp-cgt.org\/sdamp\/?page_id=119"},"modified":"2023-11-25T16:47:36","modified_gmt":"2023-11-25T15:47:36","slug":"ensembles-permanents","status":"publish","type":"page","link":"https:\/\/sdamp-cgt.org\/sdamp\/ensembles-permanents\/","title":{"rendered":"Ensembles permanents"},"content":{"rendered":"\n<p><em>La pr\u00e9sence des orchestres permanents est significative en \u00cele-de-France.<br>Le Sdamp-Cgt est pr\u00e9sent dans la plupart d&rsquo;entre eux :<\/em><br><\/p>\n\n\n\n<div class=\"wp-block-columns is-layout-flex wp-container-core-columns-is-layout-9d6595d7 wp-block-columns-is-layout-flex\">\n<div class=\"wp-block-column is-layout-flow wp-block-column-is-layout-flow\">\n<p><a href=\"http:\/\/sdamp-cgt.org\/sdamp\/ensembles-permanents\/orchestre-de-paris\/\">Orchestre de Paris<\/a><br><a href=\"http:\/\/sdamp-cgt.org\/sdamp\/ensembles-permanents\/opera-de-paris\/\">Op\u00e9ra de Paris<\/a><br><a href=\"http:\/\/sdamp-cgt.org\/sdamp\/ensembles-permanents\/orchestre-national-dile-de-france\/\"> Orchestre national d\u2019\u00cele-de-France<\/a><br><a href=\"http:\/\/sdamp-cgt.org\/sdamp\/ensembles-permanents\/orchestre-de-chambre-de-paris\/\"> Orchestre de Chambre de Paris<\/a><\/p>\n<\/div>\n\n\n\n<div class=\"wp-block-column is-layout-flow wp-block-column-is-layout-flow\">\n<figure class=\"wp-block-image size-large is-resized\"><img loading=\"lazy\" decoding=\"async\" width=\"150\" height=\"103\" src=\"http:\/\/sdamp-cgt.org\/sdamp\/wp-content\/uploads\/2020\/01\/rubon20.jpg\" alt=\"\" class=\"wp-image-84\" style=\"width:310px;height:213px\"\/><\/figure>\n<\/div>\n<\/div>\n\n\n\n<p class=\"has-normal-font-size\"><strong>Emplois<\/strong><br>ci-dessous les liens vers les orchestres &#8211; sites internet <br><em>NB \/ les adresses de ces sites changent souvent la mise \u00e0 jour n&rsquo;est pas n\u00e9cessairement faites<br>merci de nous le <a href=\"mailto:contact@sdamp-cgt.org\">signaler<\/a><\/em><\/p>\n\n\n\n<div class=\"wp-block-columns is-layout-flex wp-container-core-columns-is-layout-9d6595d7 wp-block-columns-is-layout-flex\">\n<div class=\"wp-block-column is-layout-flow wp-block-column-is-layout-flow\">\n<p><a rel=\"noreferrer noopener\" href=\"http:\/\/www.orchestredeparis.com\/index.php?option=com_content&amp;task=view&amp;id=28&amp;Itemid=30&amp;247881361f00be5ea5ab9fdcab5999d9=22aec37f1f3bb6ceb74bb639082d9d95&amp;247881361f00be5ea5ab9fdcab5999d9=c24fa58cd37b94f14685bd847c51cbd6\" target=\"_blank\">Orchestre de Paris<\/a><\/p>\n\n\n\n<p><a rel=\"noreferrer noopener\" href=\"http:\/\/www.operadeparis.fr\/\" target=\"_blank\">Op\u00e9ra national de Paris<\/a><\/p>\n\n\n\n<p><a href=\"http:\/\/www.orchestre-ile.com\/\" rel=\"noreferrer noopener\" target=\"_blank\">Orchestre National Ile-de-France<\/a><\/p>\n\n\n\n<p><a href=\"https:\/\/www.maisondelaradioetdelamusique.fr\/les-musiciens-de-lorchestre-national-de-france\" target=\"_blank\" rel=\"noreferrer noopener\">Orchestre National de France<\/a><\/p>\n\n\n\n<p><a rel=\"noreferrer noopener\" href=\"http:\/\/www.orchestredechambredeparis.com\/\" target=\"_blank\">Orchestre de Chambre de Paris<\/a><\/p>\n\n\n\n<p><a href=\"https:\/\/www.maisondelaradioetdelamusique.fr\/concerts-classiques\/orchestre-philharmonique-de-radio-france\" target=\"_blank\" rel=\"noreferrer noopener\">Orchestre Philharmonique de Radio-France<\/a><\/p>\n\n\n\n<p><a rel=\"noreferrer noopener\" href=\"http:\/\/www.ensembleinter.com\/\" target=\"_blank\">Ensemble Intercontemporain<\/a><\/p>\n\n\n\n<p><a href=\"https:\/\/onauvergne.com\/\" target=\"_blank\" rel=\"noreferrer noopener\">Orchestre d\u2019Auvergne-Rhone-Alpe<\/a><\/p>\n\n\n\n<p><a href=\"https:\/\/orchestrenationaldebretagne.bzh\/\" target=\"_blank\" rel=\"noreferrer noopener\">Orchestre de Bretagne<\/a><\/p>\n\n\n\n<p><a href=\"http:\/\/www.orchestredepicardie.fr\/\" rel=\"noreferrer noopener\" target=\"_blank\">Orchestre de Picardie<\/a><\/p>\n\n\n\n<p><a href=\"http:\/\/www.orchestrepayssavoie.com\/\" rel=\"noreferrer noopener\" target=\"_blank\">Orchestre des Pays de Savoie<\/a><\/p>\n\n\n\n<p><a href=\"http:\/\/www.orchestre-avignon.com\/\" rel=\"noreferrer noopener\" target=\"_blank\">Orchestre de R\u00e9gion Avignon Provence<\/a><\/p>\n\n\n\n<p><a href=\"http:\/\/www.onpl.fr\/\" rel=\"noreferrer noopener\" target=\"_blank\">Orchestre National des Pays de la Loire<\/a><\/p>\n\n\n\n<p><a href=\"https:\/\/www.opera-bordeaux.com\/\" target=\"_blank\" rel=\"noreferrer noopener\">Orchestre National Bordeaux Aquitaine<\/a><\/p>\n\n\n\n<p><a href=\"http:\/\/www.onlille.com\/\" rel=\"noreferrer noopener\" target=\"_blank\">Orchestre National de Lille<\/a><\/p>\n\n\n\n<p><a href=\"https:\/\/www.auditorium-lyon.com\/fr\" target=\"_blank\" rel=\"noreferrer noopener\">Orchestre national de Lyon<\/a><\/p>\n\n\n\n<p><a href=\"http:\/\/www.orchestre-montpellier.com\/\" rel=\"noreferrer noopener\" target=\"_blank\">Orchestre National de Montpellier<\/a><\/p>\n\n\n\n<p><a href=\"http:\/\/www.onct.mairie-toulouse.fr\/\" rel=\"noreferrer noopener\" target=\"_blank\">Orchestre National du Capitole<\/a><\/p>\n\n\n\n<p><a rel=\"noreferrer noopener\" href=\"http:\/\/www.orchestrenational-lorraine.fr\/\" target=\"_blank\">Orchestre national de Lorraine<\/a><\/p>\n\n\n\n<p><a href=\"https:\/\/www.orchestrenormandie.com\/\" target=\"_blank\" rel=\"noreferrer noopener\">Orchestre R\u00e9gional de Normandie<\/a><\/p>\n\n\n\n<p><a href=\"http:\/\/www.orchestre-cannes.com\/\" rel=\"noreferrer noopener\" target=\"_blank\">Orchestre de R\u00e9gional de Cannes<\/a><\/p>\n<\/div>\n\n\n\n<div class=\"wp-block-column is-layout-flow wp-block-column-is-layout-flow\">\n<p><a href=\"http:\/\/www.philharmonique-strasbourg.com\/orchestre\/index.html\" rel=\"noreferrer noopener\" target=\"_blank\">Orchestre Philharmonique de Strasbourg<\/a><\/p>\n\n\n\n<p><a href=\"https:\/\/www.opera-nice.org\/fr\" target=\"_blank\" rel=\"noreferrer noopener\">Orchestre Philharmonique de Nice<\/a><\/p>\n\n\n\n<p><a href=\"http:\/\/www.opmc.mc\/\" rel=\"noreferrer noopener\" target=\"_blank\">Orchestre Philharmonique de Monte-Carlo<\/a><\/p>\n\n\n\n<p><a href=\"http:\/\/www.opera-national-lorraine.fr\/\" rel=\"noreferrer noopener\" target=\"_blank\">Op\u00e9ra National de Lorraine<\/a><\/p>\n\n\n\n<p><a href=\"http:\/\/www.angers-nantes-opera.com\/\" rel=\"noreferrer noopener\" target=\"_blank\">Op\u00e9ra de Angers-Nantes<\/a><\/p>\n\n\n\n<p><a href=\"http:\/\/www.opera-bordeaux.com\/index.php?id=23\" rel=\"noreferrer noopener\" target=\"_blank\">Op\u00e9ra National de Bordeaux<\/a><\/p>\n\n\n\n<p><a rel=\"noreferrer noopener\" href=\"http:\/\/opera.marseille.fr\/\" target=\"_blank\">Op\u00e9ra de Marseille<\/a><\/p>\n\n\n\n<p><a href=\"http:\/\/www.opera-rennes.fr\/\" rel=\"noreferrer noopener\" target=\"_blank\">Op\u00e9ra de Rennes<\/a><\/p>\n\n\n\n<p><a href=\"http:\/\/www.operaderouen.com\/\" rel=\"noreferrer noopener\" target=\"_blank\">Op\u00e9ra de Rouen<\/a><\/p>\n\n\n\n<p><a href=\"http:\/\/www.operanationaldurhin.fr\" rel=\"noreferrer noopener\" target=\"_blank\">Op\u00e9ra national du Rhin<\/a><\/p>\n\n\n\n<p><a href=\"http:\/\/www.opera-nice.org\/\" rel=\"noreferrer noopener\" target=\"_blank\">Op\u00e9ra de Nice<\/a><\/p>\n\n\n\n<p><a href=\"http:\/\/www.auditorium-dijon.fr\/\" rel=\"noreferrer noopener\" target=\"_blank\">Op\u00e9ra de Dijon<\/a><\/p>\n\n\n\n<p><a href=\"http:\/\/www.operadetoulon.fr\/\" rel=\"noreferrer noopener\" target=\"_blank\">Op\u00e9ra de Toulon<\/a><\/p>\n\n\n\n<p><a href=\"http:\/\/www.operadetours.fr\/\" rel=\"noreferrer noopener\" target=\"_blank\">Op\u00e9ra de Tours<\/a><\/p>\n\n\n\n<p><a href=\"http:\/\/www.saint-etienne.fr\/index.php?module=cms&amp;action=getContent&amp;id_heading_object=1040\" rel=\"noreferrer noopener\" target=\"_blank\">Op\u00e9ra-Th\u00e9\u00e2tre de Saint Etienne<\/a><\/p>\n\n\n\n<p><a rel=\"noreferrer noopener\" href=\"http:\/\/www.mdlg.net\/\" target=\"_blank\">Orchestre de chambre de Grenoble<\/a><\/p>\n\n\n\n<p><a rel=\"noreferrer noopener\" href=\"http:\/\/www.orchestredechambredetoulouse.fr\/\" target=\"_blank\">Orchestre de chambre de Toulouse<\/a><\/p>\n\n\n\n<p><a rel=\"noreferrer noopener\" href=\"http:\/\/www.operadereims.com\/\" target=\"_blank\">Op\u00e9ra de Reims<\/a><\/p>\n\n\n\n<p><a href=\"http:\/\/www.mulhouse.fr\/fr\/culture.php?PAGEID=1826\" rel=\"noreferrer noopener\" target=\"_blank\">Orchestre Symphonique de Mulhouse<\/a><\/p>\n\n\n\n<p><a href=\"https:\/\/operadetours.fr\/\" target=\"_blank\" rel=\"noreferrer noopener\">Orchestre Symphonique de Tours<\/a><\/p>\n\n\n\n<p><a href=\"https:\/\/www.nancy54.com\/orchestre-symphonique-et-lyrique-de-nancy\" target=\"_blank\" rel=\"noreferrer noopener\">Orchestre Symphonique de Nancy<\/a><\/p>\n\n\n\n<p><a href=\"http:\/\/www.onj.org\" target=\"_blank\" rel=\"noreferrer noopener\">Orchestre national de Jazz<\/a><\/p>\n<\/div>\n<\/div>\n","protected":false},"excerpt":{"rendered":"<p>La pr\u00e9sence des orchestres permanents est significative en \u00cele-de-France.Le Sdamp-Cgt est pr\u00e9sent dans la plupart d&rsquo;entre eux : Orchestre de ParisOp\u00e9ra de Paris Orchestre national&hellip;<\/p>\n","protected":false},"author":1,"featured_media":0,"parent":0,"menu_order":0,"comment_status":"closed","ping_status":"closed","template":"templates\/template-full-width.php","meta":{"footnotes":""},"class_list":["post-119","page","type-page","status-publish","hentry"],"_links":{"self":[{"href":"https:\/\/sdamp-cgt.org\/sdamp\/wp-json\/wp\/v2\/pages\/119","targetHints":{"allow":["GET"]}}],"collection":[{"href":"https:\/\/sdamp-cgt.org\/sdamp\/wp-json\/wp\/v2\/pages"}],"about":[{"href":"https:\/\/sdamp-cgt.org\/sdamp\/wp-json\/wp\/v2\/types\/page"}],"author":[{"embeddable":true,"href":"https:\/\/sdamp-cgt.org\/sdamp\/wp-json\/wp\/v2\/users\/1"}],"replies":[{"embeddable":true,"href":"https:\/\/sdamp-cgt.org\/sdamp\/wp-json\/wp\/v2\/comments?post=119"}],"version-history":[{"count":8,"href":"https:\/\/sdamp-cgt.org\/sdamp\/wp-json\/wp\/v2\/pages\/119\/revisions"}],"predecessor-version":[{"id":696,"href":"https:\/\/sdamp-cgt.org\/sdamp\/wp-json\/wp\/v2\/pages\/119\/revisions\/696"}],"wp:attachment":[{"href":"https:\/\/sdamp-cgt.org\/sdamp\/wp-json\/wp\/v2\/media?parent=119"}],"curies":[{"name":"wp","href":"https:\/\/api.w.org\/{rel}","templated":true}]}}