{"id":133,"date":"2020-01-04T14:37:35","date_gmt":"2020-01-04T13:37:35","guid":{"rendered":"http:\/\/sdamp-cgt.org\/sdamp\/?page_id=133"},"modified":"2021-06-02T20:12:34","modified_gmt":"2021-06-02T18:12:34","slug":"orchestre-national-dile-de-france","status":"publish","type":"page","link":"https:\/\/sdamp-cgt.org\/sdamp\/ensembles-permanents\/orchestre-national-dile-de-france\/","title":{"rendered":"Orchestre national d\u2019\u00cele-de-France"},"content":{"rendered":"\n<p>Site internet : <a href=\"https:\/\/www.orchestre-ile.com\/\">https:\/\/www.orchestre-ile.com\/<\/a><br>Elus au CSE :<br>contacts :<br><\/p>\n\n\n\n<p>F<em>orm\u00e9 de 95 musiciens permanents, r\u00e9sident \u00e0 la Philharmonie de Paris, l\u2019Orchestre national d\u2019\u00cele-de-France donne chaque saison une centaine de concerts sur tout le territoire<\/em><\/p>\n\n\n\n<figure class=\"wp-block-image size-thumbnail\"><img loading=\"lazy\" decoding=\"async\" width=\"150\" height=\"150\" src=\"http:\/\/sdamp-cgt.org\/sdamp\/wp-content\/uploads\/2020\/01\/concertdesmille2-150x150.jpg\" alt=\"\" class=\"wp-image-134\"\/><\/figure>\n","protected":false},"excerpt":{"rendered":"<p>Site internet : https:\/\/www.orchestre-ile.com\/Elus au CSE :contacts : Form\u00e9 de 95 musiciens permanents, r\u00e9sident \u00e0 la Philharmonie de Paris, l\u2019Orchestre national d\u2019\u00cele-de-France donne chaque saison&hellip;<\/p>\n","protected":false},"author":1,"featured_media":0,"parent":119,"menu_order":0,"comment_status":"closed","ping_status":"closed","template":"","meta":{"footnotes":""},"class_list":["post-133","page","type-page","status-publish","hentry"],"_links":{"self":[{"href":"https:\/\/sdamp-cgt.org\/sdamp\/wp-json\/wp\/v2\/pages\/133","targetHints":{"allow":["GET"]}}],"collection":[{"href":"https:\/\/sdamp-cgt.org\/sdamp\/wp-json\/wp\/v2\/pages"}],"about":[{"href":"https:\/\/sdamp-cgt.org\/sdamp\/wp-json\/wp\/v2\/types\/page"}],"author":[{"embeddable":true,"href":"https:\/\/sdamp-cgt.org\/sdamp\/wp-json\/wp\/v2\/users\/1"}],"replies":[{"embeddable":true,"href":"https:\/\/sdamp-cgt.org\/sdamp\/wp-json\/wp\/v2\/comments?post=133"}],"version-history":[{"count":1,"href":"https:\/\/sdamp-cgt.org\/sdamp\/wp-json\/wp\/v2\/pages\/133\/revisions"}],"predecessor-version":[{"id":135,"href":"https:\/\/sdamp-cgt.org\/sdamp\/wp-json\/wp\/v2\/pages\/133\/revisions\/135"}],"up":[{"embeddable":true,"href":"https:\/\/sdamp-cgt.org\/sdamp\/wp-json\/wp\/v2\/pages\/119"}],"wp:attachment":[{"href":"https:\/\/sdamp-cgt.org\/sdamp\/wp-json\/wp\/v2\/media?parent=133"}],"curies":[{"name":"wp","href":"https:\/\/api.w.org\/{rel}","templated":true}]}}