{"id":205,"date":"2020-01-14T20:38:33","date_gmt":"2020-01-14T19:38:33","guid":{"rendered":"http:\/\/sdamp-cgt.org\/sdamp\/?page_id=205"},"modified":"2024-11-11T07:41:44","modified_gmt":"2024-11-11T06:41:44","slug":"aides-a-lemploi","status":"publish","type":"page","link":"https:\/\/sdamp-cgt.org\/sdamp\/spectacle-vivant\/aides-a-lemploi\/","title":{"rendered":"Aides \u00e0 l&#8217;emploi"},"content":{"rendered":"\n<p><em>Le Snam-Cgt et ses syndicats ont d\u00e9j\u00e0 grandement contribu\u00e9 \u00e0 la construction de divers dispositifs favorables \u00e0 l&#8217;emploi d\u00e9cent des artistes musicien\u00b7ne\u00b7s. Cependant c&rsquo;est un combat permanent pour maintenir l&rsquo;\u00e9quit\u00e9 envers les personnes salari\u00e9es. Les cartes sont constamment redistribu\u00e9es, mettant en danger les acquis et ceux \u00e0 conqu\u00e9rir.<\/em><\/p>\n\n\n\n<p class=\"has-text-align-left\">________________________<br><br><a href=\"https:\/\/cnm.fr\/\" target=\"_blank\" rel=\"noreferrer noopener\">CNM<\/a><br>Des mandats de personnes qualifi\u00e9es sont r\u00e9guli\u00e8rement recherch\u00e9es par l&rsquo;Union pour si\u00e9ger aux commissions, faites vous connaitre si vous \u00eates int\u00e9ress\u00e9es.<\/p>\n\n\n\n<p><a href=\"https:\/\/www.snam-cgt.org\/spectacle-vivant\/gip-cafes-cultures\/\" target=\"_blank\" rel=\"noreferrer noopener\">GIP Caf\u00e9s-Cultures<\/a>*<br>Ce Groupement d&rsquo;Int\u00e9r\u00eats Publique a \u00e9t\u00e9 d\u00e9ploy\u00e9 en 2015 et sa progression en France n&rsquo;est pas uniforme. En Ile-de-France c&rsquo;est particuli\u00e8rement criant.<br>Le Sdamp-Cgt &#8211; SNAM IDF &#8211; invite tous les artistes allant d\u00e9marcher les \u00e9tablissements N5 de Paris \u00e0 en faire la promotion. Le <a href=\"https:\/\/gipcafescultures.fr\/\">GIP Caf\u00e9s-Cultures<\/a> (site internet).<br><em>(<a href=\"https:\/\/sdamp-cgt.org\/sdamp\/wp-content\/uploads\/2024\/11\/liste_erp_type_N5_conforme_au_19_08_2022.xlsx\">liste_etablissements-N5_Paris<\/a>)<\/em> **<br><br><a href=\"https:\/\/www.snam-cgt.org\/spectacle-vivant\/fonpeps\/\" target=\"_blank\" rel=\"noreferrer noopener\">Fonds national pour l\u2019emploi p\u00e9renne dans le spectacle (FONPEPS)<\/a>*<br>Destin\u00e9 aux petites et moyennes structure de production, le Fonpeps est accessible selon des crit\u00e8res sp\u00e9ciaux qui lui sont propres.<br><br><a href=\"https:\/\/www.snam-cgt.org\/spectacle-vivant\/aide-aux-finacements-projets\/\" target=\"_blank\" rel=\"noreferrer noopener\">aides au financement \/ Projets<\/a>*<\/p>\n\n\n\n<p class=\"has-small-font-size\"><em>NB ; <\/em><br><em>*Articles sur le site du Snam<\/em><br>** sources :<a href=\"https:\/\/www.data.gouv.fr\/fr\/datasets\/liste-des-erp-parisiens-conformes-a-la-reglementation-accessibilite-ou-entres-dans-la-demarche-de-mise-en-accessibilite-1\/\"> https:\/\/www.data.gouv.fr\/fr\/datasets\/liste-des-erp-parisiens-conformes-a-la-reglementation-accessibilite-ou-entres-dans-la-demarche-de-mise-en-accessibilite-1\/<\/a><\/p>\n\n\n\n<figure class=\"wp-block-image size-full is-resized\"><img loading=\"lazy\" decoding=\"async\" width=\"150\" height=\"150\" src=\"https:\/\/sdamp-cgt.org\/sdamp\/wp-content\/uploads\/2020\/01\/grosscaisse-en-jambes.jpg\" alt=\"\" class=\"wp-image-102\"\/><\/figure>\n\n\n\n<p><\/p>\n","protected":false},"excerpt":{"rendered":"<p>Le Snam-Cgt et ses syndicats ont d\u00e9j\u00e0 grandement contribu\u00e9 \u00e0 la construction de divers dispositifs favorables \u00e0 l&#8217;emploi d\u00e9cent des artistes musicien\u00b7ne\u00b7s. Cependant c&rsquo;est un&hellip;<\/p>\n","protected":false},"author":1,"featured_media":0,"parent":34,"menu_order":0,"comment_status":"closed","ping_status":"closed","template":"","meta":{"footnotes":""},"class_list":["post-205","page","type-page","status-publish","hentry"],"_links":{"self":[{"href":"https:\/\/sdamp-cgt.org\/sdamp\/wp-json\/wp\/v2\/pages\/205","targetHints":{"allow":["GET"]}}],"collection":[{"href":"https:\/\/sdamp-cgt.org\/sdamp\/wp-json\/wp\/v2\/pages"}],"about":[{"href":"https:\/\/sdamp-cgt.org\/sdamp\/wp-json\/wp\/v2\/types\/page"}],"author":[{"embeddable":true,"href":"https:\/\/sdamp-cgt.org\/sdamp\/wp-json\/wp\/v2\/users\/1"}],"replies":[{"embeddable":true,"href":"https:\/\/sdamp-cgt.org\/sdamp\/wp-json\/wp\/v2\/comments?post=205"}],"version-history":[{"count":14,"href":"https:\/\/sdamp-cgt.org\/sdamp\/wp-json\/wp\/v2\/pages\/205\/revisions"}],"predecessor-version":[{"id":728,"href":"https:\/\/sdamp-cgt.org\/sdamp\/wp-json\/wp\/v2\/pages\/205\/revisions\/728"}],"up":[{"embeddable":true,"href":"https:\/\/sdamp-cgt.org\/sdamp\/wp-json\/wp\/v2\/pages\/34"}],"wp:attachment":[{"href":"https:\/\/sdamp-cgt.org\/sdamp\/wp-json\/wp\/v2\/media?parent=205"}],"curies":[{"name":"wp","href":"https:\/\/api.w.org\/{rel}","templated":true}]}}