{"id":21,"date":"2020-01-02T13:49:37","date_gmt":"2020-01-02T12:49:37","guid":{"rendered":"http:\/\/sdamp-cgt.org\/sdamp\/?page_id=21"},"modified":"2026-02-02T15:27:52","modified_gmt":"2026-02-02T14:27:52","slug":"adherer","status":"publish","type":"page","link":"https:\/\/sdamp-cgt.org\/sdamp\/adherer\/","title":{"rendered":"Adh\u00e9rer"},"content":{"rendered":"\n<p><strong>Adh\u00e9sion \u00e0 la CGT<\/strong><br>Pour adh\u00e9rer au SDAMP-CGT vous  devez t\u00e9l\u00e9charger un bulletin, le renseigner et le renvoyer par courrier  postal sans oublier de joindre un RIB \u00e0&nbsp;:<\/p>\n\n\n\n<figure class=\"wp-block-table\"><table><tbody><tr><td class=\"has-text-align-center\" data-align=\"center\"><strong>SDAMP-CGT<br>  14-16 rue des Lilas<br>  75019 Paris<\/strong><\/td><td><img loading=\"lazy\" decoding=\"async\" width=\"150\" height=\"103\" class=\"wp-image-82\" style=\"width: 150px;\" src=\"http:\/\/sdamp-cgt.org\/sdamp\/wp-content\/uploads\/2020\/01\/strato_violon-blanc.jpg\" alt=\"\"><\/td><\/tr><\/tbody><\/table><\/figure>\n\n\n\n<p><strong>il est possible si vous en avez les moyens  d&rsquo;envoyer par retour de mail le document sign\u00e9 et dans un format d\u00e9mat\u00e9rialis\u00e9.<\/strong><\/p>\n\n\n\n<p>Si vous ne disposez pas d\u2019une imprimante ou du mat\u00e9riel n\u00e9cessaire, vous pouvez demander qu\u2019on vous en revoit un exemplaire par courrier &#8211; <strong>Une seule adresse<\/strong> : <a href=\"mailto:contact@sdamp-cgt.org\">contact@sdamp-cgt.org<\/a><\/p>\n\n\n<div class=\"wp-block-image\">\n<figure class=\"aligncenter size-large is-resized\"><img loading=\"lazy\" decoding=\"async\" width=\"373\" height=\"120\" src=\"http:\/\/sdamp-cgt.org\/sdamp\/wp-content\/uploads\/2020\/01\/manif-23septsdamp3.jpg\" alt=\"\" class=\"wp-image-167\" style=\"width:514px;height:165px\" srcset=\"https:\/\/sdamp-cgt.org\/sdamp\/wp-content\/uploads\/2020\/01\/manif-23septsdamp3.jpg 373w, https:\/\/sdamp-cgt.org\/sdamp\/wp-content\/uploads\/2020\/01\/manif-23septsdamp3-300x97.jpg 300w\" sizes=\"auto, (max-width: 373px) 100vw, 373px\" \/><\/figure>\n<\/div>\n\n\n<h2 class=\"wp-block-heading has-text-align-center\"><strong><a href=\"https:\/\/sdamp-cgt.org\/sdamp\/wp-content\/uploads\/2025\/04\/BULLETIN-ADHESION-SDAMP-CGT2025-1.pdf\" target=\"_blank\" rel=\"noreferrer noopener\">BULLETIN D\u2019ADH\u00c9SION<\/a><\/strong> (format Pdf)<br><a href=\"https:\/\/sdamp-cgt.org\/sdamp\/wp-content\/uploads\/2025\/04\/BULLETIN-ADHESION-SDAMP-CGT2025-1.doc\" target=\"_blank\" rel=\"noreferrer noopener\">Bulletin d&rsquo;adh\u00e9sion<\/a> (format doc)<\/h2>\n\n\n\n<p><\/p>\n\n\n\n<p><strong>Qu&rsquo;est-ce qu&rsquo;un syndicat ?<\/strong> <br> C\u2019est le regroupement volontaire de salari\u00e9(e)s (CDI, CDD ou autres types de contrats) ou de priv\u00e9(e)s d\u2019emploi, mais aussi de retrait\u00e9(e)s, et ce quelles que soient :<br> &#8211; leurs cat\u00e9gories professionnelles (ouvrier, technicien, employ\u00e9, ing\u00e9nieur, cadre)<br> &#8211; leurs opinions (politiques, philosophiques, religieuses, etc)<br> &#8211; leurs nationalit\u00e9s, leurs cultures.<br><br><em>A noter aussi : la F\u00e9d\u00e9ration Cgt du Spectacle a la particularit\u00e9 d&rsquo;accueillir aussi des syndicats d&rsquo;artistes auteurs non-salari\u00e9s. Ce sont le SAEM-Cgt<\/em> <em>et le <a href=\"https:\/\/www.snapcgt.org\/\">SNAP Cgt<\/a>. <\/em><br><br><strong>Comment \u00e7a marche ? <\/strong><br>L&rsquo;administration, la tenue des r\u00e9unions d&rsquo;instance, et l&rsquo;action syndicale sont fait par les militantes et les militants du syndicat qui se sont engag\u00e9.e.s \u00e0 participer \u00e0 la vie syndicale. De nombreux mandats sont \u00e0 tenir devant les interlocuteurs de la fili\u00e8re dite \u00ab\u00a0culturelle\u00a0\u00bb. Sans la volont\u00e9 d&rsquo;une poign\u00e9e de militant.e.s rien n&rsquo;existerait, c&rsquo;est la fragile r\u00e9alit\u00e9 d&rsquo;un syndicat de musicien.ne.s en France. C&rsquo;est pourquoi les syndicats Cgt de musiciens se sont constitu\u00e9s en union d\u00e8s 1956 sous le nom de <a href=\"https:\/\/snam-cgt.org\/\">SNAM-CGT<\/a> lors d&rsquo;un congr\u00e8s de Lyon, pour faire suite \u00e0 la branche f\u00e9d\u00e9rale regroupant les syndicats de musicien.e.s et afin de mettre en \u0153uvre un outils commun capable de faire entendre leurs revendications.<\/p>\n\n\n\n<p><em>Le syndicat de Paris et d\u2019\u00cele-de-France n\u00e9e en 1902 a une histoire qui lui  est propre, comme c&rsquo;est le cas pour le syndicat de Marseille, de Nancy, de Lyon etc.<\/em><br><br>La formation syndicale d\u00e9veloppe beaucoup ce sujet (l&rsquo;histoire sociale) qui est une cl\u00e9 importante pour comprendre et d\u00e9velopper les orientations prises par les organisations. De m\u00eame que les textes statutaires, les <a href=\"https:\/\/www.snam-cgt.org\/snam-cgt\/wp-content-uploads-2019-06-rapport-dorientation-2019-pdfrapport-dorientation-du-21eme-congres-du-snam-cgt-12-13-decembre-2016\/\">orientations<\/a> prises par les organisations sont \u00e9tudi\u00e9es par les futurs syndiqu\u00e9.e.s qui souhaitent avoir une id\u00e9e politique et concr\u00e8te des organisations syndicales.<\/p>\n\n\n\n<p> <strong>A quoi \u00e7a sert ?<\/strong><br>Certains diront \u00ab \u00e0 \u00eatre d\u00e9fendu \u00bb, d\u2019autres \u00ab \u00e0 lutter tous ensemble \u00bb. En fait, les deux id\u00e9es sont ins\u00e9parables. Le syndicat sert \u00e0 s\u2019unir, \u00e0 s\u2019organiser et \u00e0 agir collectivement pour se d\u00e9fendre dans la lutte des classes et conqu\u00e9rir de nouveaux droits. Le syndicat d\u2019entreprise est la base du syndicalisme, car situ\u00e9 au plus pr\u00e8s du salari\u00e9. Il fonctionne avec les syndiqu\u00e9s qui proposent, orientent et d\u00e9cident de l\u2019activit\u00e9.<br>Ce sont les syndiqu\u00e9s qui choisissent leurs responsables syndicaux dans l\u2019entreprise et dans l\u2019institution, mais aussi \u00e0 tous les niveaux de la CGT, lors d\u2019\u00e9lections d\u00e9mocratiques. \u00ab La CGT, c\u2019est vous et c\u2019est \u00e0 vous ! \u00bb<\/p>\n\n\n\n<p>Les orientations de la Cgt<br>Les syndicats de la Cgt sont des syndicats combatifs, de revendication et de proposition en recherche de droits positifs pour les salari\u00e9.e.s. <br><br>La f\u00e9d\u00e9ration Cgt du spectacle (<a href=\"http:\/\/www.fnsac-cgt.com\/\" target=\"_blank\" rel=\"noreferrer noopener\">FNSAC-CGT<\/a>) et ses syndicats d\u00e9fendent le projet de S\u00e9curit\u00e9 sociale professionnelle initi\u00e9e par la Cgt en 1999. Nous vous invitons \u00e0 regarder la conf\u00e9rence en ligne que Marc Slyper, ancien secr\u00e9taire g\u00e9n\u00e9ral du Snam-Cgt, a donn\u00e9 pendant le premier confinement 2020.<br><a href=\"https:\/\/youtu.be\/TBrryHHEdSE\">https:\/\/youtu.be\/TBrryHHEdSE<\/a> (dur\u00e9e 1h59)<\/p>\n\n\n\n<p>Le Snam-Cgt met \u00e0 jour \u00e0 chaque congr\u00e8s ses orientations d\u00e9cid\u00e9es collectivement au sein de ses syndicats. Elles sont publi\u00e9es dans la revue <a href=\"https:\/\/www.snam-cgt.org\/snam-cgt\/nos-publications\/snam-infos\/\">Snam-Infos<\/a>. Ne manquez pas de les consulter.<\/p>\n\n\n\n<figure class=\"wp-block-image size-large\"><img loading=\"lazy\" decoding=\"async\" width=\"1024\" height=\"427\" src=\"https:\/\/sdamp-cgt.org\/sdamp\/wp-content\/uploads\/2020\/01\/manif-diapo-1024x427.gif\" alt=\"\" class=\"wp-image-47\" srcset=\"https:\/\/sdamp-cgt.org\/sdamp\/wp-content\/uploads\/2020\/01\/manif-diapo-1024x427.gif 1024w, https:\/\/sdamp-cgt.org\/sdamp\/wp-content\/uploads\/2020\/01\/manif-diapo-300x125.gif 300w, https:\/\/sdamp-cgt.org\/sdamp\/wp-content\/uploads\/2020\/01\/manif-diapo-768x320.gif 768w\" sizes=\"auto, (max-width: 1024px) 100vw, 1024px\" \/><\/figure>\n\n\n\n<p><br><strong>\u00c7a co\u00fbte combien ?<\/strong>       <br>Les statuts de la Cgt prescrivent 1% des revenus d\u00e9clar\u00e9s et d\u00e9mocratiquement pour toutes cat\u00e9gories de travailleurs. Une fois que c&rsquo;est dit, on s\u2019aper\u00e7oit que la bonne question est : \u00ab\u00a0<em>O\u00f9 va l&rsquo;argent?<\/em>\u00ab\u00a0.<br>Depuis 2009, et dans la transformation de la loi Sarkozy de 2008 relative au dialogue social, la CGT a mis en place un dispositif comptable pour la ventilation des cotisations syndicales appel\u00e9 COGETISE. <br>Historiquement, les perceptions de la cotisation syndicale se faisaient mensuellement dans les ateliers et les usines. C&rsquo;est l&rsquo;origine du timbre qui fait foi d&rsquo;une adh\u00e9sion \u00e0 l&rsquo;organisation. L&rsquo;usage du timbre a \u00e9t\u00e9 conserv\u00e9 car Le premier timbre appel\u00e9 FNI (Fond National Interprofessionnel) est le justificatif remis au syndiqu\u00e9 contre le paiement de sa premi\u00e8re cotisation annuelle. Le timbre FNI alimente un Fonds de Solidarit\u00e9 financi\u00e8re entre les  organisations de la CGT. Sa vocation fondamentale contribue \u00e0 d\u00e9velopper l\u2019action, l\u2019implantation, le renforcement de la CGT. Il est utilis\u00e9 aussi pour corriger les in\u00e9galit\u00e9s de moyens entre les organisations et pour surmonter les difficult\u00e9s. Une commission \u00e9lue par le Comit\u00e9 Conf\u00e9d\u00e9ral National de la CGT assure la gestion de ce fonds.<br>Chaque syndicat per\u00e7oit des cotisations ; le 1\/12e de la cotisation est consacr\u00e9 au FNI.<br>Il reste 11\/12e pour l&rsquo;organisation qui en conserve 33% pour ses activit\u00e9s et reverse les 67% restant sont vers\u00e9s au dispositif <a href=\"https:\/\/sdamp-cgt.org\/sdamp\/wp-content\/uploads\/2023\/07\/CGT-CoGeTise-MD.pdf\" target=\"_blank\" rel=\"noreferrer noopener\">GOGETISE<\/a>.<br> 29% reviennent \u00e0 la f\u00e9d\u00e9ration du Spectacle qui d\u00e9cide o\u00f9 affecter les moyens. En g\u00e9n\u00e9ral pour la plus grande partie vers les syndicats f\u00e9d\u00e9r\u00e9s.<br>25% vont aux comit\u00e9s r\u00e9gionaux, unions locales et d\u00e9partementales<br> 3% \u00e0 la presse syndicale<br> 10% vers CFD, UGICT et UCR.<br> (<a rel=\"noreferrer noopener\" href=\"https:\/\/sdamp-cgt.org\/sdamp\/accueil\/organisation\/mentions-legales\/glossaire\/\" target=\"_blank\">voir glossaire<\/a>)<br> <strong><em>Les cotisations syndicales vers\u00e9es volontairement par chaque syndiqu\u00e9 r\u00e9v\u00e8lent 3 dimensions qui s\u2019imbriquent :<\/em><\/strong><br>     &#8211; Le paiement de cette cotisation est une affirmation d\u2019appartenance \u00e0 la communaut\u00e9 de d\u00e9fense que constituent les syndiqu\u00e9s, y compris dans la continuit\u00e9 du passage d\u2019actif \u00e0 retrait\u00e9.<br>     &#8211; C\u2019est un investissement qui conf\u00e8re des moyens financiers au syndicat : elles permettent l\u2019ind\u00e9pendance de vie et d\u2019action de l\u2019organisation vis-\u00e0-vis du patronat, des pouvoirs publics et des collectivit\u00e9s locales. Cette condition d\u2019ind\u00e9pendance permet en retour d\u2019\u00eatre exigeant avec par exemple : les locaux mis \u00e0 disposition ou les subventions en mati\u00e8re de formation syndicale,     ainsi que l\u2019acc\u00e8s \u00e0 la presse et \u00e0 l\u2019information syndicale.<br>     &#8211; L\u2019utilisation de la cotisation permet la permanence de l\u2019action de toutes les organisations conf\u00e9d\u00e9r\u00e9es : le syndicat, l\u2019union locale, l\u2019union d\u00e9partementale, la F\u00e9d\u00e9ration, la Conf\u00e9d\u00e9ration, les structures UGICT, UCR&#8230;<br><br><em>La cotisation syndicale a aussi une autre particularit\u00e9 : elle  permet de se \u00ab compter \u00bb, de conna\u00eetre le nombre de syndiqu\u00e9s de nos structures.<\/em> <br><strong>Pourquoi c&rsquo;est important d&rsquo;\u00eatre syndiqu\u00e9  ?           <\/strong><br>Pour se questionner collectivement avant d&rsquo;agir syndicalement. La  connaissance des droits sociaux ne doit pas \u00eatre un domaine r\u00e9serv\u00e9, car les seuls experts de nos m\u00e9tiers ce sont nous. Sans cette expertise impossible d&rsquo;inventer du droit positif, et les syndicats du Snam s&rsquo;y emploient avec succ\u00e8s depuis des d\u00e9cennies.<br>Une organisation syndicale est soumise \u00e0 une obligation de repr\u00e9sentativit\u00e9 pour pouvoir si\u00e9ger \u00e0 la plupart des n\u00e9gociations obligatoires ou de hautes importances (UNEDIC, CNPS, Audiens, Afdas, CMB,&#8230;). Cette repr\u00e9sentativit\u00e9 est mesur\u00e9e en fonction des r\u00e9sultats d&rsquo;\u00e9lections professionnelles, dans les conservatoires, les orchestres et les lieux d&#8217;emploi permanents (CSE), mais aussi au travers des \u00e9lections TPE qui concernent plus de 80% des emplois d&rsquo;artistes intermittents du spectacle. C&rsquo;est pourquoi les informations et l\u2019engagement \u00e0 y participer ont besoin de tous les relais du syndiqu\u00e9. <\/p>\n\n\n\n<p class=\"has-small-font-size\">*Ce scrutin (TPE) est d&rsquo;un enjeu important pour avoir une expression soutenue avec nos organisations syndicales. Malheureusement elles n&rsquo;affichent qu&rsquo;une trop faible participation des salari\u00e9.e.s concern\u00e9.e.s et cette participation \u00e9tait en baisse au bout de seulement deux scrutins depuis 2012.<br><\/p>\n\n\n\n<h4 class=\"wp-block-heading\"><br>\u00catre syndiqu\u00e9-e \u00e0 la CGT ouvre des droits <\/h4>\n\n\n\n<p>(source&nbsp;: <a href=\"http:\/\/www.cgt.fr\">www.cgt.fr<\/a>)<br><strong>Droit de participer et de d\u00e9cider<\/strong><\/p>\n\n\n\n<p>La CGT fait le choix de la d\u00e9mocratie. Elle d\u00e9cide de ses  orientations avec les syndiqu\u00e9-e-s. Ses adh\u00e9rents sont regroup\u00e9s dans des syndicats qui sont les organisations de bases de la CGT. \u00catre citoyen dans le syndicat est au c\u0153ur de la vie syndicale&nbsp;: donner son analyse ou expertise, d\u00e9battre et participer \u00e0 la prise de d\u00e9cision, s\u2019impliquer dans la vie syndicale, exercer des responsabilit\u00e9s au sein de nos organisations&nbsp;;<\/p>\n\n\n\n<p><strong>Droit de se former<\/strong><br>La formation syndicale est un droit pour tous les salari\u00e9s et les priv\u00e9s d\u2019emploi, qu\u2019ils soient syndiqu\u00e9s ou non, sous r\u00e9serve que la formation soit dispens\u00e9e par une organisation syndicale repr\u00e9sentative.<\/p>\n\n\n\n<p>Chaque salari\u00e9 a le droit de s\u2019absenter 12 jours par an en formation syndicale. Toutefois le total des jours d\u2019absence annuel dans une  entreprise est limit\u00e9 (par exemple&nbsp;: 36 jours pour 50 salari\u00e9s et 60  jours pour 100 salari\u00e9s). La CGT revendique l\u2019augmentation de ces droits.<\/p>\n\n\n\n<p>Les modalit\u00e9s sont similaires dans les secteurs public et priv\u00e9, m\u00eame si elles se r\u00e9f\u00e8rent \u00e0 des bases l\u00e9gislatives diff\u00e9rentes (Code du travail pour le secteur priv\u00e9, statuts pour les fonctionnaires ou certaines entreprises publiques).<\/p>\n\n\n\n<p>La diff\u00e9rence porte sur la couverture salariale de l\u2019absence pour <a href=\"https:\/\/www.service-public.fr\/particuliers\/vosdroits\/F2320\">cong\u00e9 de formation syndicale<\/a>&nbsp;: il n\u2019y a pas de perte de salaire dans le secteur public. Pour le priv\u00e9, sauf en cas d\u2019accord d\u2019entreprise, la compensation est souvent tr\u00e8s faible. La CGT revendique la prise en charge int\u00e9grale des salaires pour tous.<\/p>\n\n\n\n<p>La CGT ambitionne la participation de tous les syndiqu\u00e9s \u00e0 la formation syndicale d\u00e8s leur adh\u00e9sion.<\/p>\n\n\n\n<p>La CGT propose plusieurs types et niveaux de formation, de caract\u00e8re g\u00e9n\u00e9ral ou sp\u00e9cifique, ouverts \u00e0 tous les syndiqu\u00e9s,qu\u2019ils aient ou non des responsabilit\u00e9s syndicales.<br>Ces formations sont organis\u00e9es, selon les cas, \u00e0 diff\u00e9rents niveaux&nbsp;: l\u2019entreprise, local r\u00e9gional, national.<br>Pour en savoir plus&nbsp;: <a href=\"http:\/\/www.formationsyndicale.cgt.fr\/\">Formation Syndicale<\/a><\/p>\n\n\n\n<p><strong>Droit \u00e0 l\u2019information<\/strong><br>La CGT dispose d\u2019une presse conf\u00e9d\u00e9rale dont l\u2019objectif est d\u2019\u00eatre  utile \u00e0 la r\u00e9flexion de  chacun-e pour se forger son opinion, participer \u00e0 l\u2019\u00e9change collectif pour d\u00e9cider ensemble. Ouverte sur le monde du travail, utile pour solidariser les int\u00e9r\u00eats de tous, construire les luttes qui unissent au plan local et national, europ\u00e9en et mondial. Nos journaux&nbsp;:<br>\u2013 Ensemble, mensuel adress\u00e9 \u00e0 l\u2019ensemble des adh\u00e9rents de la CGT.<br>\u2013 La Nouvelle Vie ouvri\u00e8re, hebdomadaire d\u2019actualit\u00e9s, pour tous les syndiqu\u00e9-e-s.<br>\u2013 Options, mensuel pour les ing\u00e9nieurs, cadres, techniciens.<br>\u2013 Vie Nouvelle, 6 num\u00e9ros par an pour les retrait\u00e9s.<br><em>mais aussi :<\/em><br>&#8211; Snam-Infos et la revue Spectacle de la f\u00e9d\u00e9ration du spectacle FNSAC-CGT.<\/p>\n\n\n\n<p><strong>Comment b\u00e9n\u00e9ficier d\u2019une r\u00e9duction d\u2019imp\u00f4ts<\/strong><br>Un-e  artiste gagnant 1500 euros par mois cotise 15 euros par mois (1%)&nbsp;: il  b\u00e9n\u00e9ficie d\u2019une r\u00e9duction d\u2019imp\u00f4ts de 66&nbsp;% soit une r\u00e9duction de 10 euros par mois. Il ou elle ne cotise r\u00e9ellement que 5 euros par mois. Par ailleurs depuis 2012 les salari\u00e9-e-s non imposables b\u00e9n\u00e9ficient aussi de ce cr\u00e9dit d\u2019imp\u00f4t.<br><br>Si  vous \u00eates aux frais r\u00e9els, vous devez ajouter le montant de votre cotisation \u00e0 vos frais professionnels  et joindre le justificatif que nous vous faisons parvenir individuellement \u00e0 la demande.<br><\/p>\n","protected":false},"excerpt":{"rendered":"<p>Adh\u00e9sion \u00e0 la CGTPour adh\u00e9rer au SDAMP-CGT vous devez t\u00e9l\u00e9charger un bulletin, le renseigner et le renvoyer par courrier postal sans oublier de joindre un&hellip;<\/p>\n","protected":false},"author":1,"featured_media":0,"parent":0,"menu_order":0,"comment_status":"closed","ping_status":"closed","template":"templates\/template-full-width.php","meta":{"footnotes":""},"class_list":["post-21","page","type-page","status-publish","hentry"],"_links":{"self":[{"href":"https:\/\/sdamp-cgt.org\/sdamp\/wp-json\/wp\/v2\/pages\/21","targetHints":{"allow":["GET"]}}],"collection":[{"href":"https:\/\/sdamp-cgt.org\/sdamp\/wp-json\/wp\/v2\/pages"}],"about":[{"href":"https:\/\/sdamp-cgt.org\/sdamp\/wp-json\/wp\/v2\/types\/page"}],"author":[{"embeddable":true,"href":"https:\/\/sdamp-cgt.org\/sdamp\/wp-json\/wp\/v2\/users\/1"}],"replies":[{"embeddable":true,"href":"https:\/\/sdamp-cgt.org\/sdamp\/wp-json\/wp\/v2\/comments?post=21"}],"version-history":[{"count":29,"href":"https:\/\/sdamp-cgt.org\/sdamp\/wp-json\/wp\/v2\/pages\/21\/revisions"}],"predecessor-version":[{"id":758,"href":"https:\/\/sdamp-cgt.org\/sdamp\/wp-json\/wp\/v2\/pages\/21\/revisions\/758"}],"wp:attachment":[{"href":"https:\/\/sdamp-cgt.org\/sdamp\/wp-json\/wp\/v2\/media?parent=21"}],"curies":[{"name":"wp","href":"https:\/\/api.w.org\/{rel}","templated":true}]}}