{"id":23,"date":"2020-01-02T14:14:20","date_gmt":"2020-01-02T13:14:20","guid":{"rendered":"http:\/\/sdamp-cgt.org\/sdamp\/?page_id=23"},"modified":"2021-02-22T11:08:49","modified_gmt":"2021-02-22T10:08:49","slug":"enseignement","status":"publish","type":"page","link":"https:\/\/sdamp-cgt.org\/sdamp\/enseignement\/","title":{"rendered":"Enseignement"},"content":{"rendered":"\n<h2 class=\"wp-block-heading\"><strong>Informations l\u00e9gales et administratives <\/strong><\/h2>\n\n\n\n<p class=\"has-text-align-left\"><strong>Secteur priv\u00e9<br> <\/strong><a rel=\"noreferrer noopener\" href=\"http:\/\/www.legifrance.gouv.fr\/affichCode.do?cidTexte=LEGITEXT000006072050&amp;dateTexte=vig\" target=\"_blank\">Code du travail<\/a><br> <a rel=\"noreferrer noopener\" href=\"http:\/\/www.legifrance.gouv.fr\/affichIDCC.do?idConvention=KALICONT000005635177&amp;dateTexte=vig\" target=\"_blank\">Conventions collectives de l\u2019animation<\/a><br><br><strong>Artistes chor\u00e9graphique<\/strong> <br><a rel=\"noreferrer noopener\" href=\"http:\/\/vosdroits.service-public.fr\/professionnels-entreprises\/F23143.xhtml\" target=\"_blank\">enseignement de la danse<\/a><br> <a rel=\"noreferrer noopener\" href=\"http:\/\/www.cnd.fr\/professionnels\/se-former\/formations-diplomantes\" target=\"_blank\">Formation professionnelle<\/a> (CND)<br> <a rel=\"noreferrer noopener\" href=\"http:\/\/www.conservatoiredeparis.fr\/nc\/disciplines\/les-disciplines\/\" target=\"_blank\">C.N.S.M.D.P<\/a><\/p>\n\n\n\n<p><strong>Fonction publique territoriale<\/strong><br><a rel=\"noreferrer noopener\" href=\"http:\/\/www.legifrance.gouv.fr\/affichTexte.do?cidTexte=JORFTEXT000000320434\" target=\"_blank\">Loi n\u00b0 84-53 du 26 janvier 1984 portant dispositions statutaires relatives \u00e0 la fonction publique territoriale (1)<\/a><\/p>\n\n\n\n<p><a rel=\"noreferrer noopener\" href=\"http:\/\/www.legifrance.gouv.fr\/affichTexte.do?cidTexte=LEGITEXT000006078011&amp;dateTexte=vig\" target=\"_blank\">D\u00e9cret n\u00b091-855 du 2 septembre 1991 portant statut particulier du cadre d&#8217;emplois des directeurs d&rsquo;\u00e9tablissements territoriaux d&rsquo;enseignement artistique <\/a> <\/p>\n\n\n\n<p><a rel=\"noreferrer noopener\" href=\"http:\/\/www.legifrance.gouv.fr\/affichTexte.do?cidTexte=LEGITEXT000006078009&amp;dateTexte=vig\" target=\"_blank\">D\u00e9cret n\u00b091-857 du 2 septembre 1991 portant statut particulier du cadre d&#8217;emplois des professeurs territoriaux d&rsquo;enseignement artistique (musique, danse, art dramatique, arts plastiques) <\/a> <\/p>\n\n\n\n<p><a rel=\"noreferrer noopener\" href=\"http:\/\/www.legifrance.gouv.fr\/affichTexte.do?cidTexte=JORFTEXT000025597236\" target=\"_blank\">D\u00e9cret n\u00b0 2012-437 du 29 mars 2012 portant statut particulier du cadre d&#8217;emplois des assistants territoriaux d&rsquo;enseignement artistique <\/a> <\/p>\n\n\n\n<p><a rel=\"noreferrer noopener\" href=\"http:\/\/legifrance.gouv.fr\/affichTexte.do?cidTexte=JORFTEXT000025489865&amp;fastPos=1&amp;fastReqId=1213693443&amp;categorieLien=id&amp;oldAction=rechTexte=vig\" target=\"_blank\">LOI n\u00b0 2012-347 du 12 mars 2012 relative \u00e0 l&rsquo;acc\u00e8s \u00e0 l&#8217;emploi titulaire et \u00e0 l&rsquo;am\u00e9lioration des conditions d&#8217;emploi des agents contractuels dans la fonction publique, \u00e0 la lutte contre les discriminations et portant diverses dispositions relatives \u00e0 la fonction publique (1) <\/a> <\/p>\n\n\n\n<p><a href=\"https:\/\/www.service-public.fr\/particuliers\/vosdroits\/F13852\" target=\"_blank\" rel=\"noreferrer noopener\">Agent\n\t\t\tcontractuel de la fonction publique : passage automatique en CDI<\/a><\/p>\n\n\n\n<p><a rel=\"noreferrer noopener\" href=\"http:\/\/www.legifrance.gouv.fr\/affichTexte.do?cidTexte=LEGITEXT000006077407&amp;dateTexte=vig\" target=\"_blank\">D\u00e9cret n\u00b091-298 du 20 mars 1991 portant dispositions statutaires applicables aux fonctionnaires territoriaux nomm\u00e9s dans des emplois permanents \u00e0 temps non complet <\/a> <\/p>\n\n\n\n<p><a rel=\"noreferrer noopener\" href=\"http:\/\/www.legifrance.gouv.fr\/affichTexte.do?cidTexte=LEGITEXT000005630448&amp;dateTexte=vig\" target=\"_blank\">Loi n\u00b0 2001-2 du 3 janvier 2001 relative \u00e0 la r\u00e9sorption de l&#8217;emploi pr\u00e9caire et \u00e0 la modernisation du recrutement dans la fonction publique ainsi qu&rsquo;au temps de travail dans la fonction publique territoriale<\/a><\/p>\n\n\n\n<p><a rel=\"noreferrer noopener\" href=\"http:\/\/www.legifrance.gouv.fr\/affichTexte.do;jsessionid=A320BD75433B39878E1DDEF5BC2413E8.tpdjo11v_3?idSectionTA=LEGISCTA000006089530&amp;cidTexte=JORFTEXT000000649834&amp;dateTexte=vig\" target=\"_blank\">D\u00e9cret n\u00b02007-658 du 2 mai 2007 relatif au cumul d&rsquo;activit\u00e9s des fonctionnaires, des agents non titulaires de droit public et des ouvriers des \u00e9tablissements industriels de l&rsquo;Etat<\/a><\/p>\n\n\n\n<p><a href=\"http:\/\/circulaire.legifrance.gouv.fr\/pdf\/2009\/05\/cir_26274.pdf\" target=\"_blank\" rel=\"noreferrer noopener\">Circulaire\n\t\t\t2157 du 11 mars 2008 relative au cumul d&rsquo;activit\u00e9<\/a><\/p>\n\n\n\n<p><a rel=\"noreferrer noopener\" href=\"http:\/\/www.legifrance.gouv.fr\/affichTexte.do;jsessionid=3FED8B047E706D7F374570E83D43D7B3.tpdjo08v_1?cidTexte=LEGITEXT000006068817&amp;dateTexte=vig\" target=\"_blank\">Loi n\u00b0 83-663 du 22 juillet 1983 compl\u00e9tant la loi n\u00b0 83-8 du 7 janvier 1983 relative \u00e0 la r\u00e9partition de comp\u00e9tences entre les communes, les d\u00e9partements, les r\u00e9gions et l&rsquo;Etat<\/a> (D\u00e9centralisation)<\/p>\n\n\n\n<p><a rel=\"noreferrer noopener\" href=\"http:\/\/www.legifrance.gouv.fr\/affichTexte.do?cidTexte=JORFTEXT000019025536&amp;dateTexte=vig\" target=\"_blank\">D\u00e9cret n\u00b0 2008-580 du 18 juin 2008 relatif au r\u00e9gime de la mise \u00e0 disposition applicable aux collectivit\u00e9s territoriales et aux \u00e9tablissements publics administratifs locaux <\/a> <br><br><a rel=\"noreferrer noopener\" href=\"http:\/\/www.legifrance.gouv.fr\/affichTexte.do?cidTexte=LEGITEXT000006066415&amp;dateTexte=vig\" target=\"_blank\">D\u00e9cret n\u00b088-145 du 15 f\u00e9vrier 1988 pris pour l&rsquo;application de l&rsquo;article 136 de la loi du 26 janvier 1984 modifi\u00e9e portant dispositions statutaires relatives \u00e0 la fonction publique territoriale et relatif aux agents non titulaires de la fonction publique territoriale<\/a><\/p>\n\n\n\n<p><a rel=\"noreferrer noopener\" href=\"http:\/\/www.legifrance.gouv.fr\/affichTexte.do?cidTexte=LEGITEXT000006068812\" target=\"_blank\">Loi n\u00b0 83-634 du 13 juillet 1983 portant droits et obligations des fonctionnaires. Loi dite loi Le Pors<\/a> <\/p>\n\n\n\n<p><strong>Revalorisation des dipl\u00f4mes\n\t\t\tDE et CA (2016)<\/strong><\/p>\n\n\n\n<p><a href=\"https:\/\/www.legifrance.gouv.fr\/eli\/arrete\/2016\/7\/29\/MCCD1619994A\/jo\/texte\" target=\"_blank\" rel=\"noreferrer noopener\">Arr\u00eat\u00e9\n\t\t\tdu 29 juillet 2016 relatif au certificat d\u2019aptitude aux\n\t\t\tfonctions de professeur de musique et fixant les conditions\n\t\t\td\u2019habilitation des \u00e9tablissements d\u2019enseignement\n\t\t\tsup\u00e9rieur \u00e0 d\u00e9livrer ce dipl\u00f4me NOR&nbsp;:\n\t\t\tMCCD1619994A<\/a><\/p>\n\n\n\n<p><a href=\"http:\/\/snam-cgt.org\/ecrire\/IMG\/pdf\/Annexe%20I%20_%201\u00e8re%20partie%20Contexte%20m\u00e9tier%20CA%20prof%20de%20musique.pdf\" target=\"_blank\" rel=\"noreferrer noopener\">Annexe\n\t\t\tI, 1ere partie&nbsp;: contexte de m\u00e9tier <\/a><br><a href=\"http:\/\/snam-cgt.org\/ecrire\/IMG\/pdf\/Annexe%20I%20_%202\u00e8me%20partie%20R\u00e9f\u00e9rentiel%20CA%20prof%20de%20musique.pdf\" target=\"_blank\" rel=\"noreferrer noopener\">Annexe\n\t\t\tI, 2e partie&nbsp;: r\u00e9f\u00e9rentiel m\u00e9tier<\/a>\n\t\t\t<br><a href=\"http:\/\/snam-cgt.org\/ecrire\/IMG\/pdf\/Annexe%20II%20arrete%20CA%20prof%20de%20musique.pdf\" target=\"_blank\" rel=\"noreferrer noopener\">Annexe\n\t\t\tII&nbsp;; disciplines<\/a> <br><a href=\"http:\/\/snam-cgt.org\/ecrire\/IMG\/pdf\/annexe%20III%20arrete%20CA%20prof%20de%20musique.pdf\" target=\"_blank\" rel=\"noreferrer noopener\">Annexe\n\t\t\tIII&nbsp;; Evaluation VAE<\/a><\/p>\n\n\n\n<p><a href=\"https:\/\/www.legifrance.gouv.fr\/eli\/arrete\/2016\/7\/29\/MCCD1619960A\/jo\/texte\" target=\"_blank\" rel=\"noreferrer noopener\">Arr\u00eat\u00e9\n\t\t\tdu 29 juillet 2016 relatif au dipl\u00f4me d\u2019Etat de\n\t\t\tprofesseur de musique et fixant les conditions d\u2019habilitation\n\t\t\tdes \u00e9tablissements d\u2019enseignement sup\u00e9rieur \u00e0\n\t\t\td\u00e9livrer ce dipl\u00f4me NOR&nbsp;: MCCD1619960A<\/a><\/p>\n\n\n\n<p><a href=\"http:\/\/snam-cgt.org\/ecrire\/IMG\/pdf\/Annexe%20I%20_%201\u00e8re%20partie%20arrete%20DE%20prof%20de%20musique.pdf\" target=\"_blank\" rel=\"noreferrer noopener\">Annexe\n\t\t\tI, 1ere partie&nbsp;: contexte de m\u00e9tier<\/a> <br><a href=\"http:\/\/snam-cgt.org\/ecrire\/IMG\/pdf\/Annexe%20I%20_%202\u00e8me%20partie%20arrete%20DE%20prof%20de%20musique.pdf\" target=\"_blank\" rel=\"noreferrer noopener\">Annexe\n\t\t\tI, 2e partie&nbsp;: r\u00e9f\u00e9rentiel m\u00e9tier<\/a><\/p>\n\n\n\n<p><strong>Liens utiles&nbsp;:<\/strong><br><a href=\"https:\/\/www.cgtservicespublics.fr\/\">F\u00e9d\u00e9ration CGT des services publics<\/a><br><em><a href=\"http:\/\/www.cnfpt.fr\/\">Centre National de la Fonction Publique Territoriale (CNFPT)<\/a><\/em><br><a rel=\"noreferrer noopener\" href=\"http:\/\/www.cada.fr\/\" target=\"_blank\">Commission d&rsquo;acc\u00e8s aux documents administratifs (CADA)<\/a><br><em><a href=\"http:\/\/www.service-public.fr\/\">http:\/\/www.service-public.fr\/<\/a><\/em><\/p>\n\n\n\n<p><\/p>\n\n\n\n<h3 class=\"wp-block-heading\"><em><br><br><\/em><\/h3>\n\n\n\n<p class=\"has-text-align-left\"><br><\/p>\n\n\n\n<p><br> <\/p>\n\n\n\n<p><\/p>\n","protected":false},"excerpt":{"rendered":"<p>Informations l\u00e9gales et administratives Secteur priv\u00e9 Code du travail Conventions collectives de l\u2019animation Artistes chor\u00e9graphique enseignement de la danse Formation professionnelle (CND) C.N.S.M.D.P Fonction publique&hellip;<\/p>\n","protected":false},"author":1,"featured_media":0,"parent":0,"menu_order":0,"comment_status":"closed","ping_status":"closed","template":"","meta":{"footnotes":""},"class_list":["post-23","page","type-page","status-publish","hentry"],"_links":{"self":[{"href":"https:\/\/sdamp-cgt.org\/sdamp\/wp-json\/wp\/v2\/pages\/23","targetHints":{"allow":["GET"]}}],"collection":[{"href":"https:\/\/sdamp-cgt.org\/sdamp\/wp-json\/wp\/v2\/pages"}],"about":[{"href":"https:\/\/sdamp-cgt.org\/sdamp\/wp-json\/wp\/v2\/types\/page"}],"author":[{"embeddable":true,"href":"https:\/\/sdamp-cgt.org\/sdamp\/wp-json\/wp\/v2\/users\/1"}],"replies":[{"embeddable":true,"href":"https:\/\/sdamp-cgt.org\/sdamp\/wp-json\/wp\/v2\/comments?post=23"}],"version-history":[{"count":3,"href":"https:\/\/sdamp-cgt.org\/sdamp\/wp-json\/wp\/v2\/pages\/23\/revisions"}],"predecessor-version":[{"id":360,"href":"https:\/\/sdamp-cgt.org\/sdamp\/wp-json\/wp\/v2\/pages\/23\/revisions\/360"}],"wp:attachment":[{"href":"https:\/\/sdamp-cgt.org\/sdamp\/wp-json\/wp\/v2\/media?parent=23"}],"curies":[{"name":"wp","href":"https:\/\/api.w.org\/{rel}","templated":true}]}}