{"id":34,"date":"2020-01-02T19:04:42","date_gmt":"2020-01-02T18:04:42","guid":{"rendered":"http:\/\/sdamp-cgt.org\/sdamp\/?page_id=34"},"modified":"2023-06-17T19:09:58","modified_gmt":"2023-06-17T17:09:58","slug":"spectacle-vivant","status":"publish","type":"page","link":"https:\/\/sdamp-cgt.org\/sdamp\/spectacle-vivant\/","title":{"rendered":"Spectacle vivant"},"content":{"rendered":"\n<figure class=\"wp-block-table is-style-regular has-huge-font-size\" style=\"padding-top:0;padding-right:0;padding-bottom:0;padding-left:0\"><table><tbody><tr><td><strong>D\u00e9finition&nbsp;:<\/strong> <br><br>on entend par spectacle vivant la repr\u00e9sentation en public d\u2019une \u0153uvre de l\u2019esprit pr\u00e9sent\u00e9e par au moins un artiste et <br>en pr\u00e9sence d\u2019un public.<br><br>\u00ab\u00a0<em>Est entrepreneur de spectacles vivants toute personne qui exerce une activit\u00e9 d&rsquo;exploitation de lieux de spectacles, de production ou de diffusion de spectacles, seul ou dans le cadre de contrats conclus avec d&rsquo;autres entrepreneurs de spectacles vivants, quel que soit le mode de gestion, public ou priv\u00e9, \u00e0 but lucratif ou non, de ces activit\u00e9s.<br>Les diff\u00e9rentes cat\u00e9gories d&rsquo;entrepreneurs de spectacles vivants sont d\u00e9termin\u00e9es par voie r\u00e9glementaire<\/em>.&rsquo;<br><br>Selon les caract\u00e9ristiques de votre emploi et la nature de votre employeur, la r\u00e9glementation applicable change et les modalit\u00e9s de d\u00e9claration aussi.<\/td><\/tr><\/tbody><\/table><figcaption class=\"wp-element-caption\">Sources : <a href=\"https:\/\/www.legifrance.gouv.fr\/codes\/article_lc\/LEGIARTI000006904563\" target=\"_blank\" rel=\"noreferrer noopener\">Art L7122-2 du code du travail<\/a><\/figcaption><\/figure>\n\n\n\n<h3 class=\"wp-block-heading\">Dans le cadre d\u2019un contrat de travail de droit priv\u00e9<\/h3>\n\n\n\n<figure class=\"wp-block-table\"><table><tbody><tr><td class=\"has-text-align-left\" data-align=\"left\">Vous \u00eates un salari\u00e9 relevant des dispositions g\u00e9n\u00e9rales du code du travail et de l\u2019une des 3&nbsp;<a href=\"https:\/\/www.snam-cgt.org\/spectacle-vivant\/guidez-moi\/#\">conventions collectives nationales \u00e9tendues<\/a> applicables&nbsp;aux musiciens :<br><br>&#8211; Convention Collective Nationale pour les Entreprises Artistiques et Culturelles. (<a href=\"https:\/\/www.snam-cgt.org\/spectacle-vivant\/quel-employeur-quels-droits\/entreprises-artistiques-et-culturelles\/\">CCNEAC<\/a>)<br>&#8211; Convention Collective Nationale des entreprise du Secteur Priv\u00e9 du Spectacle Vivant (<a href=\"https:\/\/www.snam-cgt.org\/spectacle-vivant\/quel-employeur-quels-droits\/secteur-prive-du-spectacle-vivant\/\">CCNSPSV<\/a>)<br>&#8211; Convention Collective Nationale des Espaces des Loisirs, d\u2019Attractions et Culturels (<a href=\"https:\/\/www.snam-cgt.org\/spectacle-vivant\/quel-employeur-quels-droits\/espaces-de-loisirs\/\">CCNELAC<\/a>)<br><br>Cette derni\u00e8re est assez marginale et bien identifiable, mais pour les 2 premi\u00e8res, la fronti\u00e8re est parfois moins nette. L\u2019accord interbranche&nbsp;de 2005 pr\u00e9cisait ce qu\u2019il faut entendre par <a href=\"https:\/\/www.snam-cgt.org\/spectacle-vivant\/guidez-moi\/#\">secteur public<\/a> (CCNEAC) et <a href=\"https:\/\/www.snam-cgt.org\/spectacle-vivant\/guidez-moi\/#\">secteur priv\u00e9<\/a> (CCNSPSV) du spectacle vivant.<\/td><\/tr><\/tbody><\/table><\/figure>\n\n\n\n<h3 class=\"wp-block-heading\">Dans le cadre d\u2019un contrat de travail de droit public<\/h3>\n\n\n\n<figure class=\"wp-block-table\"><table><tbody><tr><td>Vous \u00eates agent public et ce sont les r\u00e8glements propre \u00e0 l\u2019Etat ou \u00e0 votre collectivit\u00e9 qui sont applicables.<br>\u00ab&nbsp;<a href=\"https:\/\/www.snam-cgt.org\/spectacle-vivant\/quel-employeur-quels-droits\/mon-employeur-est-letat-ou-une-collectivite\/\">Mon employeur est l\u2019Etat ou une collectivit\u00e9<\/a>&nbsp;\u00bb<br><br>Voir aussi la page rassemblant les textes essentiels<\/td><\/tr><\/tbody><\/table><\/figure>\n\n\n\n<h3 class=\"wp-block-heading\">Employeurs occasionnels<\/h3>\n\n\n\n<figure class=\"wp-block-table\"><table><tbody><tr><td>Si votre employeur organise moins de 6 repr\u00e9sentations par an et\/ou n\u2019a pas pour activit\u00e9 principale d\u2019entreprendre dans le spectacle, il appartient \u00e0 cette cat\u00e9gorie. Il doit obligatoirement&nbsp;verser les cotisation sociales dues&nbsp;via le&nbsp;<a rel=\"noreferrer noopener\" href=\"https:\/\/www.snam-cgt.org\/spectacle-vivant\/guso\/\" target=\"_blank\">GUSO<\/a>&nbsp;et appliquer les tarifs d\u2019une des 2 conventions du spectacle vivant (voir plus haut).<\/td><\/tr><\/tbody><\/table><\/figure>\n\n\n\n<figure class=\"wp-block-table\"><table><tbody><tr><td class=\"has-text-align-center\" data-align=\"center\"><img decoding=\"async\" src=\"http:\/\/sdamp-cgt.org\/sdamp\/wp-content\/uploads\/2020\/01\/logo-avatar-rouge-273x300.png\" alt=\"\" style=\"width: 250px;\"><\/td><td><strong>Liens vers le site du Snam-Cgt<\/strong><br><br><a class=\"\" href=\"https:\/\/www.snam-cgt.org\/spectacle-vivant\/quel-employeur-quels-droits\/\">&nbsp; Quel employeur, quels droits&nbsp;?<\/a><br><a class=\"\" href=\"https:\/\/www.snam-cgt.org\/spectacle-vivant\/guso\/\">&nbsp;&nbsp;Guso<\/a><br><a class=\"\" href=\"https:\/\/www.snam-cgt.org\/spectacle-vivant\/gip-cafes-cultures\/\">&nbsp;GIP Caf\u00e9s-Cultures<\/a><br><a class=\"\" href=\"https:\/\/www.snam-cgt.org\/spectacle-vivant\/fonpeps\/\">&nbsp;Fonpeps<\/a><br><a class=\"\" href=\"https:\/\/www.snam-cgt.org\/spectacle-vivant\/aide-aux-finacements-projets\/\">Aide aux financements \/ projets<\/a><br><a class=\"\" href=\"https:\/\/www.snam-cgt.org\/spectacle-vivant\/auditions-et-concours\/\">&nbsp;&nbsp;Auditions et concours<\/a><br><a class=\"\" href=\"https:\/\/www.snam-cgt.org\/spectacle-vivant\/liens-spectacle-vivant\/\">&nbsp;&nbsp;Liens spectacle vivant<\/a><br><a class=\"\" href=\"https:\/\/www.snam-cgt.org\/spectacle-vivant\/actus-spectacle-vivant\/\">&nbsp;&nbsp;Actus Spectacle vivant<\/a><\/td><\/tr><\/tbody><\/table><\/figure>\n","protected":false},"excerpt":{"rendered":"<p>D\u00e9finition&nbsp;: on entend par spectacle vivant la repr\u00e9sentation en public d\u2019une \u0153uvre de l\u2019esprit pr\u00e9sent\u00e9e par au moins un artiste et en pr\u00e9sence d\u2019un public.&hellip;<\/p>\n","protected":false},"author":1,"featured_media":0,"parent":0,"menu_order":0,"comment_status":"closed","ping_status":"closed","template":"","meta":{"footnotes":""},"class_list":["post-34","page","type-page","status-publish","hentry"],"_links":{"self":[{"href":"https:\/\/sdamp-cgt.org\/sdamp\/wp-json\/wp\/v2\/pages\/34","targetHints":{"allow":["GET"]}}],"collection":[{"href":"https:\/\/sdamp-cgt.org\/sdamp\/wp-json\/wp\/v2\/pages"}],"about":[{"href":"https:\/\/sdamp-cgt.org\/sdamp\/wp-json\/wp\/v2\/types\/page"}],"author":[{"embeddable":true,"href":"https:\/\/sdamp-cgt.org\/sdamp\/wp-json\/wp\/v2\/users\/1"}],"replies":[{"embeddable":true,"href":"https:\/\/sdamp-cgt.org\/sdamp\/wp-json\/wp\/v2\/comments?post=34"}],"version-history":[{"count":20,"href":"https:\/\/sdamp-cgt.org\/sdamp\/wp-json\/wp\/v2\/pages\/34\/revisions"}],"predecessor-version":[{"id":661,"href":"https:\/\/sdamp-cgt.org\/sdamp\/wp-json\/wp\/v2\/pages\/34\/revisions\/661"}],"wp:attachment":[{"href":"https:\/\/sdamp-cgt.org\/sdamp\/wp-json\/wp\/v2\/media?parent=34"}],"curies":[{"name":"wp","href":"https:\/\/api.w.org\/{rel}","templated":true}]}}