{"id":371,"date":"2021-06-02T19:49:46","date_gmt":"2021-06-02T17:49:46","guid":{"rendered":"http:\/\/sdamp-cgt.org\/sdamp\/?page_id=371"},"modified":"2025-11-12T11:26:41","modified_gmt":"2025-11-12T10:26:41","slug":"qui-sommes-nous","status":"publish","type":"page","link":"https:\/\/sdamp-cgt.org\/sdamp\/","title":{"rendered":"Bienvenue"},"content":{"rendered":"\n<h3 class=\"wp-block-heading\"><strong>Sur le site du Syndicat des Artistes Musicien.ne.s <br> de Paris \u00cele-de-France \u2013 SDAMP-CGT<\/strong><br>Le SNAM en IDF<\/h3>\n\n\n\n<p>Le syndicat des artistes musicien.ne.s de Paris et d\u2019\u00eele de France (SDAMP) est une organisation repr\u00e9sentative dans le champs du spectacle vivant et enregistr\u00e9, de l\u2019enseignement artistique et de l\u2019animation.<br><br>Il est organis\u00e9 par les artistes musicien.e.s militant.e.s qui le  composent et qui s\u2019engagent \u00e0 assumer des responsabilit\u00e9s diverses au  sein de sa direction, des mandats de repr\u00e9sentation de l\u2019union (<a href=\"https:\/\/snam-cgt.org\/\">SNAM-CGT<\/a>) et de la f\u00e9d\u00e9ration du Spectacle (<a href=\"http:\/\/www.fnsac-cgt.com\/\">FNSAC-CGT<\/a>).<br><br>Membre de l\u2019Union des syndicats de musicien.ne.s de France (SNAM-CGT), il rayonne sur les huit d\u00e9partements d\u2019\u00cele-de-France. Le Sdamp-Cgt s&rsquo;inscrit dans la continuit\u00e9 des organisations syndicales Cgt de musicien.ne.s <a href=\"https:\/\/fr.wikipedia.org\/wiki\/Gustave_Charpentier\">depuis 1902<\/a>.<br><br>Pour statuer sur divers sujets, le conseil syndical \u00e9lu \u00e0 chaque assembl\u00e9s g\u00e9n\u00e9rale statutaire se r\u00e9uni au mieux une fois par mois. Les membres \u00e0 jour de cotisations sont invit\u00e9s \u00e0 y participer.<br><br><br>Secr\u00e9taire g\u00e9n\u00e9rale ; Karine Huet<br>Secr\u00e9taire g\u00e9n\u00e9ral adjoint ; Christophe PONS<br><\/p>\n\n\n\n<p><a href=\"https:\/\/sdamp-cgt.org\/sdamp\/wp-content\/uploads\/2023\/06\/statuts2023.pdf\" target=\"_blank\" rel=\"noreferrer noopener\">Statuts du Sdamp-Cgt<\/a><br><a href=\"https:\/\/www.snam-cgt.org\/congres-2025\/rapport-dorientation-2025\/\">Orientations du Snam-Cgt<\/a><br><em>Ces orientations sont le fruit du d\u00e9bat d\u00e9mocratique des syndicats de l&rsquo;Union<\/em><\/p>\n","protected":false},"excerpt":{"rendered":"<p>Sur le site du Syndicat des Artistes Musicien.ne.s de Paris \u00cele-de-France \u2013 SDAMP-CGTLe SNAM en IDF Le syndicat des artistes musicien.ne.s de Paris et d\u2019\u00eele&hellip;<\/p>\n","protected":false},"author":1,"featured_media":0,"parent":0,"menu_order":0,"comment_status":"closed","ping_status":"closed","template":"","meta":{"footnotes":""},"class_list":["post-371","page","type-page","status-publish","hentry"],"_links":{"self":[{"href":"https:\/\/sdamp-cgt.org\/sdamp\/wp-json\/wp\/v2\/pages\/371","targetHints":{"allow":["GET"]}}],"collection":[{"href":"https:\/\/sdamp-cgt.org\/sdamp\/wp-json\/wp\/v2\/pages"}],"about":[{"href":"https:\/\/sdamp-cgt.org\/sdamp\/wp-json\/wp\/v2\/types\/page"}],"author":[{"embeddable":true,"href":"https:\/\/sdamp-cgt.org\/sdamp\/wp-json\/wp\/v2\/users\/1"}],"replies":[{"embeddable":true,"href":"https:\/\/sdamp-cgt.org\/sdamp\/wp-json\/wp\/v2\/comments?post=371"}],"version-history":[{"count":8,"href":"https:\/\/sdamp-cgt.org\/sdamp\/wp-json\/wp\/v2\/pages\/371\/revisions"}],"predecessor-version":[{"id":749,"href":"https:\/\/sdamp-cgt.org\/sdamp\/wp-json\/wp\/v2\/pages\/371\/revisions\/749"}],"wp:attachment":[{"href":"https:\/\/sdamp-cgt.org\/sdamp\/wp-json\/wp\/v2\/media?parent=371"}],"curies":[{"name":"wp","href":"https:\/\/api.w.org\/{rel}","templated":true}]}}