{"id":71,"date":"2020-01-03T02:01:55","date_gmt":"2020-01-03T01:01:55","guid":{"rendered":"http:\/\/sdamp-cgt.org\/sdamp\/?page_id=71"},"modified":"2020-01-04T18:56:36","modified_gmt":"2020-01-04T17:56:36","slug":"mentions-legales","status":"publish","type":"page","link":"https:\/\/sdamp-cgt.org\/sdamp\/accueil\/organisation\/mentions-legales\/","title":{"rendered":"Mentions l\u00e9gales"},"content":{"rendered":"\n<p><strong>Directeur de la Publication <\/strong><br>SDAMP-CGT<br>Syndicat des artistes musicien-ne-s de Paris \u00cfle-de-France<br>14-16 rue des Lilas<br>75019 Paris<\/p>\n\n\n\n<p>Site communautaire produit avec WordPress<br>Tous les droits sur les \u00e9l\u00e9ments de ce site sont r\u00e9serv\u00e9s &#8211; SDAMP-CGT<\/p>\n\n\n\n<p><strong>Propri\u00e9t\u00e9 intellectuelle<\/strong><\/p>\n\n\n\n<p>Les textes et les \u00e9l\u00e9ments graphiques, leur pr\u00e9sentation et leur  assemblage figurant sur ce site sont la propri\u00e9t\u00e9 exclusive du SDAMP-CGT  et des auteurs concern\u00e9s. Ils constituent des \u0153uvres et sont prot\u00e9g\u00e9s en  tant que telles par les r\u00e8gles relatives \u00e0 la propri\u00e9t\u00e9 intellectuelle.<br> L\u2019utilisation des informations contenues sur le pr\u00e9sent site rel\u00e8ve de  la seule responsabilit\u00e9 de son utilisateur. Toutes les ressources  contenues dans ce site, textes, visuels et illustrations (sch\u00e9mas,  dessins, photographies et animations informatiques) sont communiqu\u00e9s \u00e0  titre purement informatif. Les informations fournies sur le site du  SDAMP-CGT et dans la lettre d\u2019information envoy\u00e9e par courriel ont pour  objectif d\u2019\u00eatre utiles et informatives. Malgr\u00e9 les v\u00e9rifications  effectu\u00e9es, le SDAMP-CGT ne garantit pas leur exactitude et ne pourra en  aucun cas \u00eatre tenu pour responsable des dommages directs ou indirects  qui pourraient r\u00e9sulter de l\u2019utilisation des informations donn\u00e9es sur le  site ou dans la lettre d\u2019information.<\/p>\n\n\n\n<p>Article L341-1 du Code de la propri\u00e9t\u00e9 intellectuelle&nbsp;:<br>\n<em>Le producteur d\u2019une base de donn\u00e9es, entendu comme la personne qui \nprend l\u2019initiative et le risque des investissements correspondants, \nb\u00e9n\u00e9ficie d\u2019une protection du contenu de la base lorsque la \nconstitution, la v\u00e9rification ou la pr\u00e9sentation de celui-ci atteste \nd\u2019un investissement financier, mat\u00e9riel ou humain substantiel. Cette \nprotection est ind\u00e9pendante et s\u2019exerce sans pr\u00e9judice de celles \nr\u00e9sultant du droit d\u2019auteur ou d\u2019un autre droit sur la base de donn\u00e9es \nou un de ses \u00e9l\u00e9ments constitutifs.<\/em><\/p>\n\n\n\n<p><strong>Liens vers des tiers<\/strong><br> Le site propose des liens vers des sites sur lesquels le SDAMP-CGT  n\u2019exerce aucun contr\u00f4le. Le SDAMP-CGT d\u00e9cline toute responsabilit\u00e9 quant  au contenu de ces sites.<\/p>\n\n\n\n<p><strong>Retrait d\u2019un site internet ou d\u2019un courriel <\/strong><br>\nSi vous ne souhaitez pas voir appara\u00eetre votre site internet ou votre \ncourriel dans la base de donn\u00e9es, nous faire parvenir par courriel une \ndemande comportant les informations n\u00e9cessaires \u00e0 l\u2019identification du \ndit lien ou courriel.<\/p>\n","protected":false},"excerpt":{"rendered":"<p>Directeur de la Publication SDAMP-CGTSyndicat des artistes musicien-ne-s de Paris \u00cfle-de-France14-16 rue des Lilas75019 Paris Site communautaire produit avec WordPressTous les droits sur les \u00e9l\u00e9ments&hellip;<\/p>\n","protected":false},"author":1,"featured_media":0,"parent":175,"menu_order":1,"comment_status":"closed","ping_status":"closed","template":"","meta":{"footnotes":""},"class_list":["post-71","page","type-page","status-publish","hentry"],"_links":{"self":[{"href":"https:\/\/sdamp-cgt.org\/sdamp\/wp-json\/wp\/v2\/pages\/71","targetHints":{"allow":["GET"]}}],"collection":[{"href":"https:\/\/sdamp-cgt.org\/sdamp\/wp-json\/wp\/v2\/pages"}],"about":[{"href":"https:\/\/sdamp-cgt.org\/sdamp\/wp-json\/wp\/v2\/types\/page"}],"author":[{"embeddable":true,"href":"https:\/\/sdamp-cgt.org\/sdamp\/wp-json\/wp\/v2\/users\/1"}],"replies":[{"embeddable":true,"href":"https:\/\/sdamp-cgt.org\/sdamp\/wp-json\/wp\/v2\/comments?post=71"}],"version-history":[{"count":1,"href":"https:\/\/sdamp-cgt.org\/sdamp\/wp-json\/wp\/v2\/pages\/71\/revisions"}],"predecessor-version":[{"id":72,"href":"https:\/\/sdamp-cgt.org\/sdamp\/wp-json\/wp\/v2\/pages\/71\/revisions\/72"}],"up":[{"embeddable":true,"href":"https:\/\/sdamp-cgt.org\/sdamp\/wp-json\/wp\/v2\/pages\/175"}],"wp:attachment":[{"href":"https:\/\/sdamp-cgt.org\/sdamp\/wp-json\/wp\/v2\/media?parent=71"}],"curies":[{"name":"wp","href":"https:\/\/api.w.org\/{rel}","templated":true}]}}