{"id":729,"date":"2024-11-11T10:35:25","date_gmt":"2024-11-11T09:35:25","guid":{"rendered":"https:\/\/sdamp-cgt.org\/sdamp\/?page_id=729"},"modified":"2024-11-11T10:35:25","modified_gmt":"2024-11-11T09:35:25","slug":"egalite-et-vhss","status":"publish","type":"page","link":"https:\/\/sdamp-cgt.org\/sdamp\/egalite-et-vhss\/","title":{"rendered":"\u00c9galit\u00e9 et VHSS"},"content":{"rendered":"\n<p><\/p>\n\n\n\n<p><strong>\u00c9galit\u00e9 :<\/strong><br><a href=\"https:\/\/www.cpnefsv.org\/documentation-ressources\/egalite-hommes-femmes\">Documentation du CPNEF-SV<\/a><br><a href=\"https:\/\/www.egalite-professionnelle.cgt.fr\/\">\u00c9galit\u00e9 professionnelle site Cgt<\/a><br>Lors de la premi\u00e8re enqu\u00eate men\u00e9e par le Sdamp-Cgt il a \u00e9t\u00e9 mis en \u00e9vidence le faible pourcentage de femmes musiciennes dans le secteur des musiques actuelles. La Cgt et ses f\u00e9d\u00e9rations travaillent \u00e0 r\u00e9guler l&rsquo;\u00e9galit\u00e9 professionnelle dans le march\u00e9 du travail.<\/p>\n\n\n\n<p><strong>Lutte contre les violences sexistes :<\/strong><br>Cellule d&rsquo;\u00e9coute (Audiens) : 01 87 20 30 90<br>du lundi au vendredi &#8211; 9h \u00e0 13h et 14h \u00e0 18h<br>violences-sexuelles-culture@audiens.org<br>www.violences-sexuelles-culture.org<br><a href=\"file:\/\/\/home\/patrick\/T%C3%A9l%C3%A9chargements\/Plan%20de%20lutte%20contre%20les%20VHSS%20dans%20le%20Spectacle%20vivant.pdf\">Plan de lutte contre les violences et le harc\u00e8lement sexistes et sexuels dans le spectacle vivant<\/a><br><a href=\"file:\/\/\/home\/patrick\/T%C3%A9l%C3%A9chargements\/Plan%20de%20lutte%20contre%20les%20VHSS%20dans%20les%20Arts%20visuels.pdf\">Plan de lutte contre les violences et le harc\u00e8lement sexistes et sexuels dans les arts visuels<\/a><\/p>\n\n\n\n<p><\/p>\n","protected":false},"excerpt":{"rendered":"<p>\u00c9galit\u00e9 :Documentation du CPNEF-SV\u00c9galit\u00e9 professionnelle site CgtLors de la premi\u00e8re enqu\u00eate men\u00e9e par le Sdamp-Cgt il a \u00e9t\u00e9 mis en \u00e9vidence le faible pourcentage de&hellip;<\/p>\n","protected":false},"author":1,"featured_media":0,"parent":0,"menu_order":0,"comment_status":"closed","ping_status":"closed","template":"","meta":{"footnotes":""},"class_list":["post-729","page","type-page","status-publish","hentry"],"_links":{"self":[{"href":"https:\/\/sdamp-cgt.org\/sdamp\/wp-json\/wp\/v2\/pages\/729","targetHints":{"allow":["GET"]}}],"collection":[{"href":"https:\/\/sdamp-cgt.org\/sdamp\/wp-json\/wp\/v2\/pages"}],"about":[{"href":"https:\/\/sdamp-cgt.org\/sdamp\/wp-json\/wp\/v2\/types\/page"}],"author":[{"embeddable":true,"href":"https:\/\/sdamp-cgt.org\/sdamp\/wp-json\/wp\/v2\/users\/1"}],"replies":[{"embeddable":true,"href":"https:\/\/sdamp-cgt.org\/sdamp\/wp-json\/wp\/v2\/comments?post=729"}],"version-history":[{"count":2,"href":"https:\/\/sdamp-cgt.org\/sdamp\/wp-json\/wp\/v2\/pages\/729\/revisions"}],"predecessor-version":[{"id":732,"href":"https:\/\/sdamp-cgt.org\/sdamp\/wp-json\/wp\/v2\/pages\/729\/revisions\/732"}],"wp:attachment":[{"href":"https:\/\/sdamp-cgt.org\/sdamp\/wp-json\/wp\/v2\/media?parent=729"}],"curies":[{"name":"wp","href":"https:\/\/api.w.org\/{rel}","templated":true}]}}