{"id":73,"date":"2020-01-03T02:12:55","date_gmt":"2020-01-03T01:12:55","guid":{"rendered":"http:\/\/sdamp-cgt.org\/sdamp\/?page_id=73"},"modified":"2025-04-21T10:20:23","modified_gmt":"2025-04-21T08:20:23","slug":"publication-des-comptes","status":"publish","type":"page","link":"https:\/\/sdamp-cgt.org\/sdamp\/accueil\/organisation\/publication-des-comptes\/","title":{"rendered":"Publication des comptes"},"content":{"rendered":"\n<div class=\"wp-block-group\"><div class=\"wp-block-group__inner-container is-layout-flow wp-block-group-is-layout-flow\">\n<p><em>La loi du 20 ao\u00fbt 2008 a soumis les organisations syndicales et professionnelles \u00e0 des obligations d\u2019\u00e9tablissement,  d\u2019approbation, de certification et de publication de leurs comptes (art.  L. 2135-1 \u00e0 L. 2335-6 du code du travail).<\/em><\/p>\n\n\n\n<p><em>Le d\u00e9cret du 28 d\u00e9cembre 2009 d\u00e9termine des modalit\u00e9s diff\u00e9renci\u00e9es  d\u2019\u00e9tablissement et de publicit\u00e9 des comptes, en fonction du niveau de  ressources des organisations syndicales et professionnelles concern\u00e9es.<\/em><\/p>\n<\/div><\/div>\n\n\n\n<p><strong>Pourquoi une cotisation syndicale?<\/strong><br>La cotisation syndicale vers\u00e9e r\u00e9guli\u00e8rement par le syndiqu\u00e9 mat\u00e9rialise son appartenance \u00e0 la CGT et constitue un \u00e9l\u00e9ment vital au financement de l\u2019activit\u00e9 de toute la CGT, du syndicat qui m\u00e8ne l\u2019action \u00e0 l\u2019entreprise jusqu\u2019\u00e0 la Conf\u00e9d\u00e9ration. Elle garantit son ind\u00e9pendance \u00e0 l\u2019\u00e9gard du patronat et des pouvoirs publics. <br><em><a href=\"http:\/\/sdamp-cgt.org\/sdamp\/adherer\/\">Plus d&rsquo;infos<\/a><\/em><\/p>\n\n\n\n<p><strong>Selon les r\u00e8gles en vigueur, ci-dessous la publication des comptes du syndicat depuis 2011<\/strong><\/p>\n\n\n\n<div class=\"wp-block-columns is-layout-flex wp-container-core-columns-is-layout-9d6595d7 wp-block-columns-is-layout-flex\">\n<div class=\"wp-block-column is-layout-flow wp-block-column-is-layout-flow\">\n<p class=\"has-text-align-center\"><a href=\"http:\/\/sdamp-cgt.org\/sdamp\/wp-content\/uploads\/2020\/01\/2011-SDAMP.pdf\">Ann\u00e9e 2011<\/a><br><a href=\"http:\/\/sdamp-cgt.org\/sdamp\/wp-content\/uploads\/2020\/01\/2012-SDAMP.pdf\" target=\"_blank\" rel=\"noreferrer noopener\">Ann\u00e9e 2012<\/a><br><a href=\"http:\/\/sdamp-cgt.org\/sdamp\/wp-content\/uploads\/2020\/01\/2013-SDAMP.pdf\" target=\"_blank\" rel=\"noreferrer noopener\">Ann\u00e9e 2013<\/a><br><a href=\"http:\/\/sdamp-cgt.org\/sdamp\/wp-content\/uploads\/2020\/01\/2014-SDAMP.pdf\">Ann\u00e9e 2014<\/a><br><a href=\"http:\/\/sdamp-cgt.org\/sdamp\/wp-content\/uploads\/2020\/01\/2015-SDAMP.pdf\">Ann\u00e9e 2015<\/a><br><a href=\"http:\/\/sdamp-cgt.org\/sdamp\/wp-content\/uploads\/2020\/01\/2016-SDAMP.pdf\">Ann\u00e9e 2016<\/a><br><a href=\"http:\/\/sdamp-cgt.org\/sdamp\/wp-content\/uploads\/2020\/01\/2017-SDAMP.pdf\">Ann\u00e9e 2017<\/a><br><a href=\"https:\/\/sdamp-cgt.org\/sdamp\/wp-content\/uploads\/2020\/02\/2018-SDAMP.pdf\">Ann\u00e9e 2018<\/a><br><a href=\"https:\/\/sdamp-cgt.org\/sdamp\/wp-content\/uploads\/2021\/01\/219-SDAMP.pdf\">Ann\u00e9e 2019<\/a><br><a href=\"https:\/\/sdamp-cgt.org\/sdamp\/wp-content\/uploads\/2022\/07\/2020-SDAMP.pdf\" target=\"_blank\" rel=\"noreferrer noopener\">Ann\u00e9e 2020<\/a><br><a href=\"https:\/\/sdamp-cgt.org\/sdamp\/wp-content\/uploads\/2023\/03\/2021-SDAMP.pdf\" target=\"_blank\" rel=\"noreferrer noopener\">Ann\u00e9e 2021<\/a><br><a href=\"https:\/\/sdamp-cgt.org\/sdamp\/wp-content\/uploads\/2024\/03\/2022_SDAM.pdf\" target=\"_blank\" rel=\"noreferrer noopener\">Ann\u00e9e 2022<\/a><br><a href=\"https:\/\/sdamp-cgt.org\/sdamp\/wp-content\/uploads\/2025\/04\/sdamp_2023.pdf\">Ann\u00e9e 2023<\/a><br><a href=\"https:\/\/sdamp-cgt.org\/sdamp\/wp-content\/uploads\/2025\/04\/sdamp_2024.pdf\">Ann\u00e9e 2024<\/a><\/p>\n\n\n\n<p class=\"has-text-align-center\"><br><\/p>\n\n\n\n<p><\/p>\n<\/div>\n\n\n\n<div class=\"wp-block-column is-layout-flow wp-block-column-is-layout-flow\"><div class=\"wp-block-image\">\n<figure class=\"aligncenter size-full is-resized\"><img loading=\"lazy\" decoding=\"async\" width=\"200\" height=\"171\" src=\"http:\/\/sdamp-cgt.org\/sdamp\/wp-content\/uploads\/2020\/01\/rubon24.jpg\" alt=\"\" class=\"wp-image-109\" style=\"width:385px;height:329px\"\/><\/figure>\n<\/div><\/div>\n<\/div>\n\n\n\n<div class=\"wp-block-group\"><div class=\"wp-block-group__inner-container is-layout-flow wp-block-group-is-layout-flow\">\n<p><\/p>\n<\/div><\/div>\n\n\n\n<p><\/p>\n","protected":false},"excerpt":{"rendered":"<p>La loi du 20 ao\u00fbt 2008 a soumis les organisations syndicales et professionnelles \u00e0 des obligations d\u2019\u00e9tablissement, d\u2019approbation, de certification et de publication de leurs&hellip;<\/p>\n","protected":false},"author":1,"featured_media":0,"parent":175,"menu_order":0,"comment_status":"closed","ping_status":"closed","template":"","meta":{"footnotes":""},"class_list":["post-73","page","type-page","status-publish","hentry"],"_links":{"self":[{"href":"https:\/\/sdamp-cgt.org\/sdamp\/wp-json\/wp\/v2\/pages\/73","targetHints":{"allow":["GET"]}}],"collection":[{"href":"https:\/\/sdamp-cgt.org\/sdamp\/wp-json\/wp\/v2\/pages"}],"about":[{"href":"https:\/\/sdamp-cgt.org\/sdamp\/wp-json\/wp\/v2\/types\/page"}],"author":[{"embeddable":true,"href":"https:\/\/sdamp-cgt.org\/sdamp\/wp-json\/wp\/v2\/users\/1"}],"replies":[{"embeddable":true,"href":"https:\/\/sdamp-cgt.org\/sdamp\/wp-json\/wp\/v2\/comments?post=73"}],"version-history":[{"count":15,"href":"https:\/\/sdamp-cgt.org\/sdamp\/wp-json\/wp\/v2\/pages\/73\/revisions"}],"predecessor-version":[{"id":746,"href":"https:\/\/sdamp-cgt.org\/sdamp\/wp-json\/wp\/v2\/pages\/73\/revisions\/746"}],"up":[{"embeddable":true,"href":"https:\/\/sdamp-cgt.org\/sdamp\/wp-json\/wp\/v2\/pages\/175"}],"wp:attachment":[{"href":"https:\/\/sdamp-cgt.org\/sdamp\/wp-json\/wp\/v2\/media?parent=73"}],"curies":[{"name":"wp","href":"https:\/\/api.w.org\/{rel}","templated":true}]}}