{"id":76,"date":"2020-01-03T08:26:42","date_gmt":"2020-01-03T07:26:42","guid":{"rendered":"http:\/\/sdamp-cgt.org\/sdamp\/?page_id=76"},"modified":"2023-06-17T19:14:21","modified_gmt":"2023-06-17T17:14:21","slug":"ecoles-associatives","status":"publish","type":"page","link":"https:\/\/sdamp-cgt.org\/sdamp\/enseignement\/ecoles-associatives\/","title":{"rendered":"\u00c9coles associatives"},"content":{"rendered":"\n<p>Du fait des nombreuses activit\u00e9s  qu\u2019elle couvre, la convention collective de l\u2019animation&nbsp;(<a rel=\"noreferrer noopener\" href=\"http:\/\/www.legifrance.gouv.fr\/affichIDCC.do?idConvention=KALICONT000005635177\" target=\"_blank\">IDCC 1518<\/a>),  \u00e9tendue depuis&nbsp;1989, est complexe.&nbsp;L\u2019essentiel des dispositions concernant les enseignants  se trouve dans l\u2019annexe 1 et l\u2019<a rel=\"noreferrer noopener\" href=\"https:\/\/www.legifrance.gouv.fr\/affichIDCC.do;jsessionid=CD7540C4424F8734A8104B11A3CC7CC5.tpdjo02v_2?idConvention=KALICONT000005635177&amp;cidTexte=KALITEXT000005681230\" target=\"_blank\">avenant n\u00b0 46 <\/a>&nbsp;du texte. Il existe&nbsp;deux  fonctions distinctes, au niveau 2 en tant que professeur (coefficient  255) et au niveau 1 en tant qu\u2019animateur technicien (coefficient 245).<\/p>\n\n\n\n<p>L\u2019activit\u00e9 doit s\u2019exercer dans le cadre du calendrier scolaire et  d\u2019un cursus ou sous forme d\u2019atelier, en cours individuel ou collectif,  avec un groupe identique durant tout le cycle.<\/p>\n\n\n\n<figure class=\"wp-block-image size-full is-resized\"><img loading=\"lazy\" decoding=\"async\" src=\"https:\/\/sdamp-cgt.org\/sdamp\/wp-content\/uploads\/2020\/01\/trompette.jpg\" alt=\"\" class=\"wp-image-83\" width=\"173\" height=\"129\"\/><\/figure>\n\n\n\n<p><strong>Professeur<\/strong> &#8211; niveau 2, coefficient 255<br> La qualification de professeur est obligatoire si les  cours s\u2019appuient sur  un programme permettant de mesurer les acquis et de progresser d\u2019un  niveau \u00e0 un autre.<\/p>\n\n\n\n<p><strong>Animateur technicien<\/strong> &#8211; niveau 1, coefficient 245<br> Dans tous les autres cas, ils re\u00e7oivent la qualification d\u2019animateur  technicien (les ateliers de pratique musicale et les r\u00e9p\u00e9titions  r\u00e9pondent \u00e0 cette d\u00e9finition.<br>(<a href=\"https:\/\/www.legifrance.gouv.fr\/affichIDCC.do;jsessionid=CE1F2C68621D1FC31BDE0AA6E04DC68F.tplgfr22s_1?idSectionTA=KALISCTA000005725511&amp;cidTexte=KALITEXT000005681230&amp;idConvention=KALICONT000005635177&amp;dateTexte=vig\">Annexe 1.4.1 de la CCNA<\/a>)<br><\/p>\n\n\n\n<p class=\"has-background\" style=\"background-color:#dddddd\"> L\u2019horaire d\u00e9fini est consid\u00e9r\u00e9 comme le temps plein l\u00e9gal,  compte tenu des heures de pr\u00e9paration et de suivi. C\u2019est donc le <em>prorata<\/em>  du temps plein l\u00e9gal qui devra figurer sur les fiches de paie en  fonction de l\u2019horaire de service. <\/p>\n\n\n\n<p><strong>temps plein l\u00e9gal professeur<\/strong> : 24 heures hebdomadaires<\/p>\n\n\n\n<p><strong>temps plein l\u00e9gal animateur technicien<\/strong> : 26 heures hebdomadaires<\/p>\n\n\n\n<p> La r\u00e9mun\u00e9ration est due pour chaque mois de l&rsquo;ann\u00e9e, d\u00e8s  lors que le salari\u00e9 effectue l\u2019horaire de service contractuel pendant  les semaines de fonctionnement de l\u2019activit\u00e9. En aucun cas le salaire ne  peut \u00eatre annualis\u00e9 ou liss\u00e9 sur douze mois. L\u2019<a rel=\"noreferrer noopener\" href=\"https:\/\/www.legifrance.gouv.fr\/affichIDCC.do;jsessionid=B0EABF2E79B717F7D714AFC593594C4D.tpdjo09v_3?idConvention=KALICONT000005635177&amp;cidTexte=KALITEXT000029439368\" target=\"_blank\">avenant n\u00b0148 du 23 juin 2014<\/a>  a introduit de nouvelles dispositions sur l\u2019horaire minimal de service  et les heures compl\u00e9mentaires pour les salari\u00e9s \u00e0 temps partiel. Sur le  cumul d\u2019activit\u00e9s, voir&nbsp;l\u2019<a rel=\"noreferrer noopener\" href=\"https:\/\/www.legifrance.gouv.fr\/affichIDCC.do;jsessionid=49AF8DD7F29D5ED820785C9C3D7E1416.tpdila16v_2?idConvention=KALICONT000005635177&amp;cidTexte=KALITEXT000029725031&amp;dateTexte=\" target=\"_blank\">avenant n\u00b0150 du 25 juillet 2014<\/a>.<\/p>\n","protected":false},"excerpt":{"rendered":"<p>Du fait des nombreuses activit\u00e9s qu\u2019elle couvre, la convention collective de l\u2019animation&nbsp;(IDCC 1518), \u00e9tendue depuis&nbsp;1989, est complexe.&nbsp;L\u2019essentiel des dispositions concernant les enseignants se trouve dans&hellip;<\/p>\n","protected":false},"author":1,"featured_media":0,"parent":23,"menu_order":0,"comment_status":"closed","ping_status":"closed","template":"","meta":{"footnotes":""},"class_list":["post-76","page","type-page","status-publish","hentry"],"_links":{"self":[{"href":"https:\/\/sdamp-cgt.org\/sdamp\/wp-json\/wp\/v2\/pages\/76","targetHints":{"allow":["GET"]}}],"collection":[{"href":"https:\/\/sdamp-cgt.org\/sdamp\/wp-json\/wp\/v2\/pages"}],"about":[{"href":"https:\/\/sdamp-cgt.org\/sdamp\/wp-json\/wp\/v2\/types\/page"}],"author":[{"embeddable":true,"href":"https:\/\/sdamp-cgt.org\/sdamp\/wp-json\/wp\/v2\/users\/1"}],"replies":[{"embeddable":true,"href":"https:\/\/sdamp-cgt.org\/sdamp\/wp-json\/wp\/v2\/comments?post=76"}],"version-history":[{"count":5,"href":"https:\/\/sdamp-cgt.org\/sdamp\/wp-json\/wp\/v2\/pages\/76\/revisions"}],"predecessor-version":[{"id":664,"href":"https:\/\/sdamp-cgt.org\/sdamp\/wp-json\/wp\/v2\/pages\/76\/revisions\/664"}],"up":[{"embeddable":true,"href":"https:\/\/sdamp-cgt.org\/sdamp\/wp-json\/wp\/v2\/pages\/23"}],"wp:attachment":[{"href":"https:\/\/sdamp-cgt.org\/sdamp\/wp-json\/wp\/v2\/media?parent=76"}],"curies":[{"name":"wp","href":"https:\/\/api.w.org\/{rel}","templated":true}]}}