{"id":88,"date":"2020-01-03T09:10:14","date_gmt":"2020-01-03T08:10:14","guid":{"rendered":"http:\/\/sdamp-cgt.org\/sdamp\/?page_id=88"},"modified":"2023-11-25T17:14:40","modified_gmt":"2023-11-25T16:14:40","slug":"contact","status":"publish","type":"page","link":"https:\/\/sdamp-cgt.org\/sdamp\/contact\/","title":{"rendered":"Contact"},"content":{"rendered":"\n<div class=\"wp-block-columns is-layout-flex wp-container-core-columns-is-layout-9d6595d7 wp-block-columns-is-layout-flex\">\n<div class=\"wp-block-column is-layout-flow wp-block-column-is-layout-flow\">\n<figure class=\"wp-block-image size-full is-style-rounded\"><img loading=\"lazy\" decoding=\"async\" width=\"700\" height=\"79\" src=\"https:\/\/sdamp-cgt.org\/sdamp\/wp-content\/uploads\/2023\/06\/annonces-vignette-vierge.jpg\" alt=\"\" class=\"wp-image-634\" srcset=\"https:\/\/sdamp-cgt.org\/sdamp\/wp-content\/uploads\/2023\/06\/annonces-vignette-vierge.jpg 700w, https:\/\/sdamp-cgt.org\/sdamp\/wp-content\/uploads\/2023\/06\/annonces-vignette-vierge-300x34.jpg 300w\" sizes=\"auto, (max-width: 700px) 100vw, 700px\" \/><\/figure>\n<\/div>\n<\/div>\n\n\n\n<p class=\"has-large-font-size\">SNAM IDF &#8211; <strong>Sdamp-Cgt<\/strong><br>Syndicat Des Artistes Musicien.ne.s de Paris IDF<br><em>Le SNAM en \u00cele-de-France<\/em><br><strong>14 &#8211; 16\u00a0 rue des Lilas<br> 75019 Paris<\/strong><br> t\u00e9l : 01 42 02 20 49<br><em>(laissez un message)<\/em><br>06 62 46 22 11 \u2013 Christophe<\/p>\n\n\n\n<p><em> Mail : contact@sdamp-cgt<\/em>.org<br>Siret : 45051683600019<\/p>\n\n\n\n<p><strong>Artistes musicien\u00b7nes ne restez pas isol\u00e9\u00b7es<\/strong><br>Trop souvent les liens avec les organisations du Snam-Cgt sont absents ou rompus : il est primordial de rester inform\u00e9 des \u00e9volutions de notre m\u00e9tier et en retour de nourrir les syndicats de vos expertises de terrain. Alors <strong><a href=\"http:\/\/sdamp-cgt.org\/sdamp\/adherer\/\">Syndiquez-vous<\/a><\/strong>.<\/p>\n\n\n\n<p><\/p>\n","protected":false},"excerpt":{"rendered":"<p>SNAM IDF &#8211; Sdamp-CgtSyndicat Des Artistes Musicien.ne.s de Paris IDFLe SNAM en \u00cele-de-France14 &#8211; 16\u00a0 rue des Lilas 75019 Paris t\u00e9l : 01 42 02&hellip;<\/p>\n","protected":false},"author":1,"featured_media":0,"parent":0,"menu_order":8,"comment_status":"closed","ping_status":"closed","template":"","meta":{"footnotes":""},"class_list":["post-88","page","type-page","status-publish","hentry"],"_links":{"self":[{"href":"https:\/\/sdamp-cgt.org\/sdamp\/wp-json\/wp\/v2\/pages\/88","targetHints":{"allow":["GET"]}}],"collection":[{"href":"https:\/\/sdamp-cgt.org\/sdamp\/wp-json\/wp\/v2\/pages"}],"about":[{"href":"https:\/\/sdamp-cgt.org\/sdamp\/wp-json\/wp\/v2\/types\/page"}],"author":[{"embeddable":true,"href":"https:\/\/sdamp-cgt.org\/sdamp\/wp-json\/wp\/v2\/users\/1"}],"replies":[{"embeddable":true,"href":"https:\/\/sdamp-cgt.org\/sdamp\/wp-json\/wp\/v2\/comments?post=88"}],"version-history":[{"count":15,"href":"https:\/\/sdamp-cgt.org\/sdamp\/wp-json\/wp\/v2\/pages\/88\/revisions"}],"predecessor-version":[{"id":703,"href":"https:\/\/sdamp-cgt.org\/sdamp\/wp-json\/wp\/v2\/pages\/88\/revisions\/703"}],"wp:attachment":[{"href":"https:\/\/sdamp-cgt.org\/sdamp\/wp-json\/wp\/v2\/media?parent=88"}],"curies":[{"name":"wp","href":"https:\/\/api.w.org\/{rel}","templated":true}]}}